{"id":12360,"date":"2023-08-05T02:26:57","date_gmt":"2023-08-05T02:26:57","guid":{"rendered":"https:\/\/coworkdigital.com.ar\/hcd\/?page_id=12360"},"modified":"2024-08-28T03:01:25","modified_gmt":"2024-08-28T03:01:25","slug":"carta-organica","status":"publish","type":"page","link":"https:\/\/coworkdigital.com.ar\/hcd\/carta-organica\/","title":{"rendered":"Carta Org\u00e1nica"},"content":{"rendered":"\t\t<div data-elementor-type=\"wp-page\" data-elementor-id=\"12360\" class=\"elementor elementor-12360\" data-elementor-post-type=\"page\">\n\t\t\t\t\t\t<section class=\"elementor-section elementor-top-section elementor-element elementor-element-7c55aeb8 elementor-section-boxed elementor-section-height-default elementor-section-height-default\" data-id=\"7c55aeb8\" data-element_type=\"section\" data-settings=\"{&quot;background_background&quot;:&quot;classic&quot;}\">\n\t\t\t\t\t\t<div class=\"elementor-container elementor-column-gap-default\">\n\t\t\t\t\t<div class=\"elementor-column elementor-col-100 elementor-top-column elementor-element elementor-element-13015f50\" data-id=\"13015f50\" data-element_type=\"column\">\n\t\t\t<div class=\"elementor-widget-wrap elementor-element-populated\">\n\t\t\t\t\t\t<div class=\"elementor-element elementor-element-a426080 elementor-widget elementor-widget-image\" data-id=\"a426080\" data-element_type=\"widget\" data-widget_type=\"image.default\">\n\t\t\t\t<div class=\"elementor-widget-container\">\n\t\t\t\t\t\t\t\t\t\t\t\t\t\t\t<img fetchpriority=\"high\" decoding=\"async\" width=\"2557\" height=\"304\" src=\"https:\/\/coworkdigital.com.ar\/hcd\/wp-content\/uploads\/2024\/08\/page-banner-scaled-1.webp\" class=\"attachment-full size-full wp-image-14166\" alt=\"\" srcset=\"https:\/\/coworkdigital.com.ar\/hcd\/wp-content\/uploads\/2024\/08\/page-banner-scaled-1.webp 2557w, https:\/\/coworkdigital.com.ar\/hcd\/wp-content\/uploads\/2024\/08\/page-banner-scaled-1-300x36.webp 300w, https:\/\/coworkdigital.com.ar\/hcd\/wp-content\/uploads\/2024\/08\/page-banner-scaled-1-1024x122.webp 1024w, https:\/\/coworkdigital.com.ar\/hcd\/wp-content\/uploads\/2024\/08\/page-banner-scaled-1-768x91.webp 768w, https:\/\/coworkdigital.com.ar\/hcd\/wp-content\/uploads\/2024\/08\/page-banner-scaled-1-1536x183.webp 1536w, https:\/\/coworkdigital.com.ar\/hcd\/wp-content\/uploads\/2024\/08\/page-banner-scaled-1-2048x243.webp 2048w, https:\/\/coworkdigital.com.ar\/hcd\/wp-content\/uploads\/2024\/08\/page-banner-scaled-1-600x71.webp 600w, https:\/\/coworkdigital.com.ar\/hcd\/wp-content\/uploads\/2024\/08\/page-banner-scaled-1-560x67.webp 560w\" sizes=\"(max-width: 2557px) 100vw, 2557px\" \/>\t\t\t\t\t\t\t\t\t\t\t\t\t\t\t<\/div>\n\t\t\t\t<\/div>\n\t\t\t\t<div class=\"elementor-element elementor-element-4229d089 elementor-widget elementor-widget-wwp-elementor-dynamic-breadcrumbs\" data-id=\"4229d089\" data-element_type=\"widget\" data-widget_type=\"wwp-elementor-dynamic-breadcrumbs.default\">\n\t\t\t\t<div class=\"elementor-widget-container\">\n\t\t\t\t\t<ol class=\"wwp-elementor-breadcrumbs triangle\" id=\"breadcrumb-6a05e6642b29e\"><li class=\"visited\"><a href=\"\/\">Home<\/a><\/li><li class=\"current\"><span>Carta Org\u00e1nica<\/span><\/li><\/ol><script type=\"application\/ld+json\">{\"@context\":\"https:\\\/\\\/schema.org\\\/\",\"@type\":\"BreadcrumbList\",\"itemListElement\":[{\"@type\":\"ListItem\",\"position\":1,\"name\":\"Carta Org\\u00e1nica\",\"item\":\"https:\\\/\\\/coworkdigital.com.ar\\\/hcd\\\/wp-json\\\/wp\\\/v2\\\/pages\\\/12360\"}]}<\/script>\t\t\t\t<\/div>\n\t\t\t\t<\/div>\n\t\t\t\t\t<\/div>\n\t\t<\/div>\n\t\t\t\t\t<\/div>\n\t\t<\/section>\n\t\t\t\t<section class=\"elementor-section elementor-top-section elementor-element elementor-element-2d32eef elementor-reverse-mobile elementor-section-boxed elementor-section-height-default elementor-section-height-default\" data-id=\"2d32eef\" data-element_type=\"section\">\n\t\t\t\t\t\t<div class=\"elementor-container elementor-column-gap-default\">\n\t\t\t\t\t<div class=\"elementor-column elementor-col-33 elementor-top-column elementor-element elementor-element-86f9249\" data-id=\"86f9249\" data-element_type=\"column\">\n\t\t\t<div class=\"elementor-widget-wrap elementor-element-populated\">\n\t\t\t\t\t\t<div class=\"elementor-element elementor-element-f35042a elementor-widget elementor-widget-ova_list_link\" data-id=\"f35042a\" data-element_type=\"widget\" data-widget_type=\"ova_list_link.default\">\n\t\t\t\t<div class=\"elementor-widget-container\">\n\t\t\t\t\t\t\t<div class=\"ova_list_link box-shadow\">\n\t\t\t\t\t\t<h3 class=\"title\">\n\t\t\t\tMarco Normativo\t\t\t<\/h3>\n\t\t\t\t\t\t\t\t\t<ul class=\"content\">\n\t\t\t\t\t\t\t\t\t<li class=\"item\">\n\t\t\t\t\t\t<a href=\"\/hcd\/carta-organica\">\n\t\t\t\t\t\t\tCarta Org\u00e1nica\t\t\t\t\t\t\t\t\t\t\t\t\t\t<span class=\"icon\">\n\t\t\t\t\t\t\t\t<i data-feather=\"chevron-right\"><\/i>\n\t\t\t\t\t\t\t<\/span>\n\t\t\t\t\t\t    \t\t\t\t\t\t    \t\t\t\t\t\t\t<span class=\"icon-hover\">\n\t\t\t\t\t\t\t\t<i data-feather=\"arrow-right\"><\/i>\n\t\t\t\t\t\t\t<\/span>\n\t\t\t\t\t\t\t \t\t\t\t\t\t<\/a>\n\n\t\t\t\t\t<\/li>\n\t\t\t\t\t\t\t\t\t<li class=\"item\">\n\t\t\t\t\t\t<a href=\"\/hcd\/reglamento-interno-hcd\">\n\t\t\t\t\t\t\tReglamento Interno\t\t\t\t\t\t\t\t\t\t\t\t\t\t<span class=\"icon\">\n\t\t\t\t\t\t\t\t<i data-feather=\"chevron-right\"><\/i>\n\t\t\t\t\t\t\t<\/span>\n\t\t\t\t\t\t    \t\t\t\t\t\t    \t\t\t\t\t\t\t<span class=\"icon-hover\">\n\t\t\t\t\t\t\t\t<i data-feather=\"arrow-right\"><\/i>\n\t\t\t\t\t\t\t<\/span>\n\t\t\t\t\t\t\t \t\t\t\t\t\t<\/a>\n\n\t\t\t\t\t<\/li>\n\t\t\t\t\t\t\t\t\t<li class=\"item\">\n\t\t\t\t\t\t<a href=\"\/hcd\/constitucion-de-mendoza\">\n\t\t\t\t\t\t\tConstituci\u00f3n de Mendoza\t\t\t\t\t\t\t\t\t\t\t\t\t\t<span class=\"icon\">\n\t\t\t\t\t\t\t\t<i data-feather=\"chevron-right\"><\/i>\n\t\t\t\t\t\t\t<\/span>\n\t\t\t\t\t\t    \t\t\t\t\t\t    \t\t\t\t\t\t\t<span class=\"icon-hover\">\n\t\t\t\t\t\t\t\t<i data-feather=\"arrow-right\"><\/i>\n\t\t\t\t\t\t\t<\/span>\n\t\t\t\t\t\t\t \t\t\t\t\t\t<\/a>\n\n\t\t\t\t\t<\/li>\n\t\t\t\t\t\t\t\t\t<li class=\"item\">\n\t\t\t\t\t\t<a href=\"\/hcd\/constitucion-nacional\">\n\t\t\t\t\t\t\tConstituci\u00f3n Nacional\t\t\t\t\t\t\t\t\t\t\t\t\t\t<span class=\"icon\">\n\t\t\t\t\t\t\t\t<i data-feather=\"chevron-right\"><\/i>\n\t\t\t\t\t\t\t<\/span>\n\t\t\t\t\t\t    \t\t\t\t\t\t    \t\t\t\t\t\t\t<span class=\"icon-hover\">\n\t\t\t\t\t\t\t\t<i data-feather=\"arrow-right\"><\/i>\n\t\t\t\t\t\t\t<\/span>\n\t\t\t\t\t\t\t \t\t\t\t\t\t<\/a>\n\n\t\t\t\t\t<\/li>\n\t\t\t\t\t\t\t<\/ul>\n\t\t\t\t\t<\/div>\n\t\t\t\t\t\t<\/div>\n\t\t\t\t<\/div>\n\t\t\t\t<div class=\"elementor-element elementor-element-9eb0a76 elementor-hidden-desktop elementor-hidden-tablet elementor-hidden-mobile elementor-view-default elementor-widget elementor-widget-icon\" data-id=\"9eb0a76\" data-element_type=\"widget\" data-widget_type=\"icon.default\">\n\t\t\t\t<div class=\"elementor-widget-container\">\n\t\t\t\t\t\t\t<div class=\"elementor-icon-wrapper\">\n\t\t\t<div class=\"elementor-icon\">\n\t\t\t<i aria-hidden=\"true\" class=\"fas fa-phone-alt\"><\/i>\t\t\t<\/div>\n\t\t<\/div>\n\t\t\t\t\t\t<\/div>\n\t\t\t\t<\/div>\n\t\t\t\t\t<\/div>\n\t\t<\/div>\n\t\t\t\t<div class=\"elementor-column elementor-col-66 elementor-top-column elementor-element elementor-element-2400df8\" data-id=\"2400df8\" data-element_type=\"column\">\n\t\t\t<div class=\"elementor-widget-wrap elementor-element-populated\">\n\t\t\t\t\t\t<div class=\"elementor-element elementor-element-6156782 elementor-widget elementor-widget-heading\" data-id=\"6156782\" data-element_type=\"widget\" data-widget_type=\"heading.default\">\n\t\t\t\t<div class=\"elementor-widget-container\">\n\t\t\t\t\t<h2 class=\"elementor-heading-title elementor-size-default\">Carta Org\u00e1nica<\/h2>\t\t\t\t<\/div>\n\t\t\t\t<\/div>\n\t\t\t\t<div class=\"elementor-element elementor-element-94040e1 elementor-widget elementor-widget-text-editor\" data-id=\"94040e1\" data-element_type=\"widget\" data-widget_type=\"text-editor.default\">\n\t\t\t\t<div class=\"elementor-widget-container\">\n\t\t\t\t\t\t\t\t\t<p><span style=\"color: #202b5d;\">Ley 1.079 de las Municipalidades en General<\/span><\/p>\t\t\t\t\t\t\t\t<\/div>\n\t\t\t\t<\/div>\n\t\t\t\t<div class=\"elementor-element elementor-element-0bf570c elementor-widget elementor-widget-text-editor\" data-id=\"0bf570c\" data-element_type=\"widget\" data-widget_type=\"text-editor.default\">\n\t\t\t\t<div class=\"elementor-widget-container\">\n\t\t\t\t\t\t\t\t\t<p>Una carta org\u00e1nica es un documento que recoge las diversas normas que organizan el funcionamiento econ\u00f3mico, pol\u00edtico e institucional de un municipio. Se dice que la carta org\u00e1nica es la ley fundamental de esas divisiones administrativas debido a que establece los principios que gobiernan su sistema.<\/p>\t\t\t\t\t\t\t\t<\/div>\n\t\t\t\t<\/div>\n\t\t\t\t<div class=\"elementor-element elementor-element-4a159d2 elementor-widget elementor-widget-text-editor\" data-id=\"4a159d2\" data-element_type=\"widget\" data-widget_type=\"text-editor.default\">\n\t\t\t\t<div class=\"elementor-widget-container\">\n\t\t\t\t\t\t\t\t\t<span style=\"color: #202b5d;\">Descargue la Carta Org\u00e1nica (LEY 1.079)  haciendo clic en la siguiente imagen:\n\n<\/span>\t\t\t\t\t\t\t\t<\/div>\n\t\t\t\t<\/div>\n\t\t\t\t<div class=\"elementor-element elementor-element-7a27224 elementor-widget elementor-widget-image\" data-id=\"7a27224\" data-element_type=\"widget\" data-widget_type=\"image.default\">\n\t\t\t\t<div class=\"elementor-widget-container\">\n\t\t\t\t\t\t\t\t\t\t\t\t\t\t\t\t<a href=\"https:\/\/coworkdigital.com.ar\/hcd\/wp-content\/uploads\/2020\/12\/ley-organica-1079-vig-2019.pdf\" target=\"_blank\" download=\"ley-organica\">\n\t\t\t\t\t\t\t<img decoding=\"async\" width=\"282\" height=\"300\" src=\"https:\/\/coworkdigital.com.ar\/hcd\/wp-content\/uploads\/2023\/08\/descarga_pdf-282x300-1.webp\" class=\"attachment-full size-full wp-image-12366\" alt=\"\" \/>\t\t\t\t\t\t\t\t<\/a>\n\t\t\t\t\t\t\t\t\t\t\t\t\t\t\t<\/div>\n\t\t\t\t<\/div>\n\t\t\t\t\t<\/div>\n\t\t<\/div>\n\t\t\t\t\t<\/div>\n\t\t<\/section>\n\t\t\t\t<\/div>\n\t\t","protected":false},"excerpt":{"rendered":"<p>Home Carta Org\u00e1nica Marco Normativo Carta Org\u00e1nica Reglamento Interno Constituci\u00f3n de Mendoza Constituci\u00f3n Nacional Carta Org\u00e1nica Ley 1.079 de las Municipalidades en General Una carta org\u00e1nica es un documento que recoge las diversas normas que organizan el funcionamiento econ\u00f3mico, pol\u00edtico e institucional de un municipio. Se dice que la carta org\u00e1nica es la ley fundamental [&hellip;]<\/p>\n","protected":false},"author":1,"featured_media":12035,"parent":0,"menu_order":0,"comment_status":"closed","ping_status":"closed","template":"elementor_header_footer","meta":{"_acf_changed":false,"footnotes":""},"class_list":["post-12360","page","type-page","status-publish","has-post-thumbnail","hentry"],"acf":[],"_links":{"self":[{"href":"https:\/\/coworkdigital.com.ar\/hcd\/wp-json\/wp\/v2\/pages\/12360","targetHints":{"allow":["GET"]}}],"collection":[{"href":"https:\/\/coworkdigital.com.ar\/hcd\/wp-json\/wp\/v2\/pages"}],"about":[{"href":"https:\/\/coworkdigital.com.ar\/hcd\/wp-json\/wp\/v2\/types\/page"}],"author":[{"embeddable":true,"href":"https:\/\/coworkdigital.com.ar\/hcd\/wp-json\/wp\/v2\/users\/1"}],"replies":[{"embeddable":true,"href":"https:\/\/coworkdigital.com.ar\/hcd\/wp-json\/wp\/v2\/comments?post=12360"}],"version-history":[{"count":49,"href":"https:\/\/coworkdigital.com.ar\/hcd\/wp-json\/wp\/v2\/pages\/12360\/revisions"}],"predecessor-version":[{"id":14226,"href":"https:\/\/coworkdigital.com.ar\/hcd\/wp-json\/wp\/v2\/pages\/12360\/revisions\/14226"}],"wp:featuredmedia":[{"embeddable":true,"href":"https:\/\/coworkdigital.com.ar\/hcd\/wp-json\/wp\/v2\/media\/12035"}],"wp:attachment":[{"href":"https:\/\/coworkdigital.com.ar\/hcd\/wp-json\/wp\/v2\/media?parent=12360"}],"curies":[{"name":"wp","href":"https:\/\/api.w.org\/{rel}","templated":true}]}}