{"id":12410,"date":"2023-08-05T12:35:10","date_gmt":"2023-08-05T12:35:10","guid":{"rendered":"https:\/\/coworkdigital.com.ar\/hcd\/?page_id=12410"},"modified":"2024-08-28T03:10:52","modified_gmt":"2024-08-28T03:10:52","slug":"constitucion-de-mendoza","status":"publish","type":"page","link":"https:\/\/coworkdigital.com.ar\/hcd\/constitucion-de-mendoza\/","title":{"rendered":"Constituci\u00f3n de Mendoza"},"content":{"rendered":"\t\t<div data-elementor-type=\"wp-page\" data-elementor-id=\"12410\" class=\"elementor elementor-12410\" data-elementor-post-type=\"page\">\n\t\t\t\t\t\t<section class=\"elementor-section elementor-top-section elementor-element elementor-element-7c55aeb8 elementor-section-boxed elementor-section-height-default elementor-section-height-default\" data-id=\"7c55aeb8\" data-element_type=\"section\" data-settings=\"{&quot;background_background&quot;:&quot;classic&quot;}\">\n\t\t\t\t\t\t<div class=\"elementor-container elementor-column-gap-default\">\n\t\t\t\t\t<div class=\"elementor-column elementor-col-100 elementor-top-column elementor-element elementor-element-13015f50\" data-id=\"13015f50\" data-element_type=\"column\">\n\t\t\t<div class=\"elementor-widget-wrap elementor-element-populated\">\n\t\t\t\t\t\t<div class=\"elementor-element elementor-element-a426080 elementor-widget elementor-widget-image\" data-id=\"a426080\" data-element_type=\"widget\" data-widget_type=\"image.default\">\n\t\t\t\t<div class=\"elementor-widget-container\">\n\t\t\t\t\t\t\t\t\t\t\t\t\t\t\t<img fetchpriority=\"high\" decoding=\"async\" width=\"2557\" height=\"304\" src=\"https:\/\/coworkdigital.com.ar\/hcd\/wp-content\/uploads\/2024\/08\/page-banner-scaled-1.webp\" class=\"attachment-full size-full wp-image-14166\" alt=\"\" srcset=\"https:\/\/coworkdigital.com.ar\/hcd\/wp-content\/uploads\/2024\/08\/page-banner-scaled-1.webp 2557w, https:\/\/coworkdigital.com.ar\/hcd\/wp-content\/uploads\/2024\/08\/page-banner-scaled-1-300x36.webp 300w, https:\/\/coworkdigital.com.ar\/hcd\/wp-content\/uploads\/2024\/08\/page-banner-scaled-1-1024x122.webp 1024w, https:\/\/coworkdigital.com.ar\/hcd\/wp-content\/uploads\/2024\/08\/page-banner-scaled-1-768x91.webp 768w, https:\/\/coworkdigital.com.ar\/hcd\/wp-content\/uploads\/2024\/08\/page-banner-scaled-1-1536x183.webp 1536w, https:\/\/coworkdigital.com.ar\/hcd\/wp-content\/uploads\/2024\/08\/page-banner-scaled-1-2048x243.webp 2048w, https:\/\/coworkdigital.com.ar\/hcd\/wp-content\/uploads\/2024\/08\/page-banner-scaled-1-600x71.webp 600w, https:\/\/coworkdigital.com.ar\/hcd\/wp-content\/uploads\/2024\/08\/page-banner-scaled-1-560x67.webp 560w\" sizes=\"(max-width: 2557px) 100vw, 2557px\" \/>\t\t\t\t\t\t\t\t\t\t\t\t\t\t\t<\/div>\n\t\t\t\t<\/div>\n\t\t\t\t<div class=\"elementor-element elementor-element-4229d089 elementor-widget elementor-widget-wwp-elementor-dynamic-breadcrumbs\" data-id=\"4229d089\" data-element_type=\"widget\" data-widget_type=\"wwp-elementor-dynamic-breadcrumbs.default\">\n\t\t\t\t<div class=\"elementor-widget-container\">\n\t\t\t\t\t<ol class=\"wwp-elementor-breadcrumbs triangle\" id=\"breadcrumb-69e12d46d7be3\"><li class=\"visited\"><a href=\"\/\">Home<\/a><\/li><li class=\"current\"><span>Constituci\u00f3n de Mendoza<\/span><\/li><\/ol><script type=\"application\/ld+json\">{\"@context\":\"https:\\\/\\\/schema.org\\\/\",\"@type\":\"BreadcrumbList\",\"itemListElement\":[{\"@type\":\"ListItem\",\"position\":1,\"name\":\"Constituci\\u00f3n de Mendoza\",\"item\":\"https:\\\/\\\/coworkdigital.com.ar\\\/hcd\\\/wp-json\\\/wp\\\/v2\\\/pages\\\/12410\"}]}<\/script>\t\t\t\t<\/div>\n\t\t\t\t<\/div>\n\t\t\t\t\t<\/div>\n\t\t<\/div>\n\t\t\t\t\t<\/div>\n\t\t<\/section>\n\t\t\t\t<section class=\"elementor-section elementor-top-section elementor-element elementor-element-2d32eef elementor-reverse-mobile elementor-section-boxed elementor-section-height-default elementor-section-height-default\" data-id=\"2d32eef\" data-element_type=\"section\">\n\t\t\t\t\t\t<div class=\"elementor-container elementor-column-gap-default\">\n\t\t\t\t\t<div class=\"elementor-column elementor-col-33 elementor-top-column elementor-element elementor-element-86f9249\" data-id=\"86f9249\" data-element_type=\"column\">\n\t\t\t<div class=\"elementor-widget-wrap elementor-element-populated\">\n\t\t\t\t\t\t<div class=\"elementor-element elementor-element-f35042a elementor-widget elementor-widget-ova_list_link\" data-id=\"f35042a\" data-element_type=\"widget\" data-widget_type=\"ova_list_link.default\">\n\t\t\t\t<div class=\"elementor-widget-container\">\n\t\t\t\t\t\t\t<div class=\"ova_list_link box-shadow\">\n\t\t\t\t\t\t<h3 class=\"title\">\n\t\t\t\tMarco Normativo\t\t\t<\/h3>\n\t\t\t\t\t\t\t\t\t<ul class=\"content\">\n\t\t\t\t\t\t\t\t\t<li class=\"item\">\n\t\t\t\t\t\t<a href=\"\/hcd\/carta-organica\">\n\t\t\t\t\t\t\tCarta Org\u00e1nica\t\t\t\t\t\t\t\t\t\t\t\t\t\t<span class=\"icon\">\n\t\t\t\t\t\t\t\t<i data-feather=\"chevron-right\"><\/i>\n\t\t\t\t\t\t\t<\/span>\n\t\t\t\t\t\t    \t\t\t\t\t\t    \t\t\t\t\t\t\t<span class=\"icon-hover\">\n\t\t\t\t\t\t\t\t<i data-feather=\"arrow-right\"><\/i>\n\t\t\t\t\t\t\t<\/span>\n\t\t\t\t\t\t\t \t\t\t\t\t\t<\/a>\n\n\t\t\t\t\t<\/li>\n\t\t\t\t\t\t\t\t\t<li class=\"item\">\n\t\t\t\t\t\t<a href=\"\/hcd\/reglamento-interno-hcd\">\n\t\t\t\t\t\t\tReglamento Interno\t\t\t\t\t\t\t\t\t\t\t\t\t\t<span class=\"icon\">\n\t\t\t\t\t\t\t\t<i data-feather=\"chevron-right\"><\/i>\n\t\t\t\t\t\t\t<\/span>\n\t\t\t\t\t\t    \t\t\t\t\t\t    \t\t\t\t\t\t\t<span class=\"icon-hover\">\n\t\t\t\t\t\t\t\t<i data-feather=\"arrow-right\"><\/i>\n\t\t\t\t\t\t\t<\/span>\n\t\t\t\t\t\t\t \t\t\t\t\t\t<\/a>\n\n\t\t\t\t\t<\/li>\n\t\t\t\t\t\t\t\t\t<li class=\"item\">\n\t\t\t\t\t\t<a href=\"\/hcd\/constitucion-de-mendoza\">\n\t\t\t\t\t\t\tConstituci\u00f3n de Mendoza\t\t\t\t\t\t\t\t\t\t\t\t\t\t<span class=\"icon\">\n\t\t\t\t\t\t\t\t<i data-feather=\"chevron-right\"><\/i>\n\t\t\t\t\t\t\t<\/span>\n\t\t\t\t\t\t    \t\t\t\t\t\t    \t\t\t\t\t\t\t<span class=\"icon-hover\">\n\t\t\t\t\t\t\t\t<i data-feather=\"arrow-right\"><\/i>\n\t\t\t\t\t\t\t<\/span>\n\t\t\t\t\t\t\t \t\t\t\t\t\t<\/a>\n\n\t\t\t\t\t<\/li>\n\t\t\t\t\t\t\t\t\t<li class=\"item\">\n\t\t\t\t\t\t<a href=\"\/hcd\/constitucion-nacional\">\n\t\t\t\t\t\t\tConstituci\u00f3n Nacional\t\t\t\t\t\t\t\t\t\t\t\t\t\t<span class=\"icon\">\n\t\t\t\t\t\t\t\t<i data-feather=\"chevron-right\"><\/i>\n\t\t\t\t\t\t\t<\/span>\n\t\t\t\t\t\t    \t\t\t\t\t\t    \t\t\t\t\t\t\t<span class=\"icon-hover\">\n\t\t\t\t\t\t\t\t<i data-feather=\"arrow-right\"><\/i>\n\t\t\t\t\t\t\t<\/span>\n\t\t\t\t\t\t\t \t\t\t\t\t\t<\/a>\n\n\t\t\t\t\t<\/li>\n\t\t\t\t\t\t\t<\/ul>\n\t\t\t\t\t<\/div>\n\t\t\t\t\t\t<\/div>\n\t\t\t\t<\/div>\n\t\t\t\t<div class=\"elementor-element elementor-element-9eb0a76 elementor-hidden-desktop elementor-hidden-tablet elementor-hidden-mobile elementor-view-default elementor-widget elementor-widget-icon\" data-id=\"9eb0a76\" data-element_type=\"widget\" data-widget_type=\"icon.default\">\n\t\t\t\t<div class=\"elementor-widget-container\">\n\t\t\t\t\t\t\t<div class=\"elementor-icon-wrapper\">\n\t\t\t<div class=\"elementor-icon\">\n\t\t\t<i aria-hidden=\"true\" class=\"fas fa-phone-alt\"><\/i>\t\t\t<\/div>\n\t\t<\/div>\n\t\t\t\t\t\t<\/div>\n\t\t\t\t<\/div>\n\t\t\t\t\t<\/div>\n\t\t<\/div>\n\t\t\t\t<div class=\"elementor-column elementor-col-66 elementor-top-column elementor-element elementor-element-2400df8\" data-id=\"2400df8\" data-element_type=\"column\">\n\t\t\t<div class=\"elementor-widget-wrap elementor-element-populated\">\n\t\t\t\t\t\t<div class=\"elementor-element elementor-element-6156782 elementor-widget elementor-widget-heading\" data-id=\"6156782\" data-element_type=\"widget\" data-widget_type=\"heading.default\">\n\t\t\t\t<div class=\"elementor-widget-container\">\n\t\t\t\t\t<h2 class=\"elementor-heading-title elementor-size-default\">Constituci\u00f3n de Mendoza<\/h2>\t\t\t\t<\/div>\n\t\t\t\t<\/div>\n\t\t\t\t<div class=\"elementor-element elementor-element-94040e1 elementor-widget elementor-widget-text-editor\" data-id=\"94040e1\" data-element_type=\"widget\" data-widget_type=\"text-editor.default\">\n\t\t\t\t<div class=\"elementor-widget-container\">\n\t\t\t\t\t\t\t\t\t<span style=\"color: #202b5d;\">Sancionada el 11 de febrero de 1916<\/span>\t\t\t\t\t\t\t\t<\/div>\n\t\t\t\t<\/div>\n\t\t\t\t<div class=\"elementor-element elementor-element-8df6a5c elementor-widget elementor-widget-text-editor\" data-id=\"8df6a5c\" data-element_type=\"widget\" data-widget_type=\"text-editor.default\">\n\t\t\t\t<div class=\"elementor-widget-container\">\n\t\t\t\t\t\t\t\t\t<span style=\"color: #202b5d;\">P R E \u00c1 M B U L O\n<\/span>\t\t\t\t\t\t\t\t<\/div>\n\t\t\t\t<\/div>\n\t\t\t\t<div class=\"elementor-element elementor-element-0bf570c elementor-widget elementor-widget-text-editor\" data-id=\"0bf570c\" data-element_type=\"widget\" data-widget_type=\"text-editor.default\">\n\t\t\t\t<div class=\"elementor-widget-container\">\n\t\t\t\t\t\t\t\t\t<p>Nos, los representantes del pueblo de la Provincia de Mendoza, reunidos en Convenci\u00f3n, por su voluntad y elecci\u00f3n, con el objeto de constituir el mejor gobierno de todos y para todos, afianzar la justicia, consolidar la paz interna, proveer a la seguridad com\u00fan, promover el bienestar general y asegurar los beneficios de la libertad para el pueblo y para los dem\u00e1s hombres que quieran habitar su suelo, invocando la protecci\u00f3n de Dios, fuente de toda raz\u00f3n y justicia, ordenamos, decretamos y establecemos esta Constituci\u00f3n.<\/p>\t\t\t\t\t\t\t\t<\/div>\n\t\t\t\t<\/div>\n\t\t\t\t<div class=\"elementor-element elementor-element-4a159d2 elementor-widget elementor-widget-text-editor\" data-id=\"4a159d2\" data-element_type=\"widget\" data-widget_type=\"text-editor.default\">\n\t\t\t\t<div class=\"elementor-widget-container\">\n\t\t\t\t\t\t\t\t\t<span style=\"color: #202b5d;\">Descargue la Constituci\u00f3n de Mendoza haciendo clic en la siguiente imagen:<\/span>\n&nbsp;\t\t\t\t\t\t\t\t<\/div>\n\t\t\t\t<\/div>\n\t\t\t\t<div class=\"elementor-element elementor-element-7a27224 elementor-widget elementor-widget-image\" data-id=\"7a27224\" data-element_type=\"widget\" data-widget_type=\"image.default\">\n\t\t\t\t<div class=\"elementor-widget-container\">\n\t\t\t\t\t\t\t\t\t\t\t\t\t\t\t\t<a href=\"https:\/\/coworkdigital.com.ar\/hcd\/wp-content\/uploads\/2020\/12\/Const.Mza_.pdf\" target=\"_blank\" download=\"const-mendoza\">\n\t\t\t\t\t\t\t<img decoding=\"async\" width=\"282\" height=\"300\" src=\"https:\/\/coworkdigital.com.ar\/hcd\/wp-content\/uploads\/2023\/08\/descarga_pdf-282x300-1.webp\" class=\"attachment-full size-full wp-image-12366\" alt=\"\" \/>\t\t\t\t\t\t\t\t<\/a>\n\t\t\t\t\t\t\t\t\t\t\t\t\t\t\t<\/div>\n\t\t\t\t<\/div>\n\t\t\t\t\t<\/div>\n\t\t<\/div>\n\t\t\t\t\t<\/div>\n\t\t<\/section>\n\t\t\t\t<\/div>\n\t\t","protected":false},"excerpt":{"rendered":"<p>Home Constituci\u00f3n de Mendoza Marco Normativo Carta Org\u00e1nica Reglamento Interno Constituci\u00f3n de Mendoza Constituci\u00f3n Nacional Constituci\u00f3n de Mendoza Sancionada el 11 de febrero de 1916P R E \u00c1 M B U L O Nos, los representantes del pueblo de la Provincia de Mendoza, reunidos en Convenci\u00f3n, por su voluntad y elecci\u00f3n, con el objeto de [&hellip;]<\/p>\n","protected":false},"author":1,"featured_media":12035,"parent":0,"menu_order":0,"comment_status":"closed","ping_status":"closed","template":"elementor_header_footer","meta":{"_acf_changed":false,"footnotes":""},"class_list":["post-12410","page","type-page","status-publish","has-post-thumbnail","hentry"],"acf":[],"_links":{"self":[{"href":"https:\/\/coworkdigital.com.ar\/hcd\/wp-json\/wp\/v2\/pages\/12410","targetHints":{"allow":["GET"]}}],"collection":[{"href":"https:\/\/coworkdigital.com.ar\/hcd\/wp-json\/wp\/v2\/pages"}],"about":[{"href":"https:\/\/coworkdigital.com.ar\/hcd\/wp-json\/wp\/v2\/types\/page"}],"author":[{"embeddable":true,"href":"https:\/\/coworkdigital.com.ar\/hcd\/wp-json\/wp\/v2\/users\/1"}],"replies":[{"embeddable":true,"href":"https:\/\/coworkdigital.com.ar\/hcd\/wp-json\/wp\/v2\/comments?post=12410"}],"version-history":[{"count":16,"href":"https:\/\/coworkdigital.com.ar\/hcd\/wp-json\/wp\/v2\/pages\/12410\/revisions"}],"predecessor-version":[{"id":14235,"href":"https:\/\/coworkdigital.com.ar\/hcd\/wp-json\/wp\/v2\/pages\/12410\/revisions\/14235"}],"wp:featuredmedia":[{"embeddable":true,"href":"https:\/\/coworkdigital.com.ar\/hcd\/wp-json\/wp\/v2\/media\/12035"}],"wp:attachment":[{"href":"https:\/\/coworkdigital.com.ar\/hcd\/wp-json\/wp\/v2\/media?parent=12410"}],"curies":[{"name":"wp","href":"https:\/\/api.w.org\/{rel}","templated":true}]}}