{"id":12656,"date":"2023-08-07T15:49:41","date_gmt":"2023-08-07T15:49:41","guid":{"rendered":"https:\/\/coworkdigital.com.ar\/hcd\/?page_id=12656"},"modified":"2024-08-28T02:33:27","modified_gmt":"2024-08-28T02:33:27","slug":"comisiones","status":"publish","type":"page","link":"https:\/\/coworkdigital.com.ar\/hcd\/comisiones\/","title":{"rendered":"Comisiones"},"content":{"rendered":"\t\t<div data-elementor-type=\"wp-page\" data-elementor-id=\"12656\" class=\"elementor elementor-12656\" data-elementor-post-type=\"page\">\n\t\t\t\t\t\t<section class=\"elementor-section elementor-top-section elementor-element elementor-element-7c55aeb8 elementor-section-boxed elementor-section-height-default elementor-section-height-default\" data-id=\"7c55aeb8\" data-element_type=\"section\" data-settings=\"{&quot;background_background&quot;:&quot;classic&quot;}\">\n\t\t\t\t\t\t<div class=\"elementor-container elementor-column-gap-default\">\n\t\t\t\t\t<div class=\"elementor-column elementor-col-100 elementor-top-column elementor-element elementor-element-13015f50\" data-id=\"13015f50\" data-element_type=\"column\">\n\t\t\t<div class=\"elementor-widget-wrap elementor-element-populated\">\n\t\t\t\t\t\t<div class=\"elementor-element elementor-element-a426080 elementor-widget elementor-widget-image\" data-id=\"a426080\" data-element_type=\"widget\" data-widget_type=\"image.default\">\n\t\t\t\t<div class=\"elementor-widget-container\">\n\t\t\t\t\t\t\t\t\t\t\t\t\t\t\t<img fetchpriority=\"high\" decoding=\"async\" width=\"2557\" height=\"304\" src=\"https:\/\/coworkdigital.com.ar\/hcd\/wp-content\/uploads\/2024\/08\/page-banner-scaled-1.webp\" class=\"attachment-full size-full wp-image-14166\" alt=\"\" srcset=\"https:\/\/coworkdigital.com.ar\/hcd\/wp-content\/uploads\/2024\/08\/page-banner-scaled-1.webp 2557w, https:\/\/coworkdigital.com.ar\/hcd\/wp-content\/uploads\/2024\/08\/page-banner-scaled-1-300x36.webp 300w, https:\/\/coworkdigital.com.ar\/hcd\/wp-content\/uploads\/2024\/08\/page-banner-scaled-1-1024x122.webp 1024w, https:\/\/coworkdigital.com.ar\/hcd\/wp-content\/uploads\/2024\/08\/page-banner-scaled-1-768x91.webp 768w, https:\/\/coworkdigital.com.ar\/hcd\/wp-content\/uploads\/2024\/08\/page-banner-scaled-1-1536x183.webp 1536w, https:\/\/coworkdigital.com.ar\/hcd\/wp-content\/uploads\/2024\/08\/page-banner-scaled-1-2048x243.webp 2048w, https:\/\/coworkdigital.com.ar\/hcd\/wp-content\/uploads\/2024\/08\/page-banner-scaled-1-600x71.webp 600w, https:\/\/coworkdigital.com.ar\/hcd\/wp-content\/uploads\/2024\/08\/page-banner-scaled-1-560x67.webp 560w\" sizes=\"(max-width: 2557px) 100vw, 2557px\" \/>\t\t\t\t\t\t\t\t\t\t\t\t\t\t\t<\/div>\n\t\t\t\t<\/div>\n\t\t\t\t<div class=\"elementor-element elementor-element-4229d089 elementor-widget elementor-widget-wwp-elementor-dynamic-breadcrumbs\" data-id=\"4229d089\" data-element_type=\"widget\" data-widget_type=\"wwp-elementor-dynamic-breadcrumbs.default\">\n\t\t\t\t<div class=\"elementor-widget-container\">\n\t\t\t\t\t<ol class=\"wwp-elementor-breadcrumbs triangle\" id=\"breadcrumb-69f4b33303ac7\"><li class=\"visited\"><a href=\"\/\">Home<\/a><\/li><li class=\"current\"><span>Comisiones<\/span><\/li><\/ol><script type=\"application\/ld+json\">{\"@context\":\"https:\\\/\\\/schema.org\\\/\",\"@type\":\"BreadcrumbList\",\"itemListElement\":[{\"@type\":\"ListItem\",\"position\":1,\"name\":\"Comisiones\",\"item\":\"https:\\\/\\\/coworkdigital.com.ar\\\/hcd\\\/wp-json\\\/wp\\\/v2\\\/pages\\\/12656\"}]}<\/script>\t\t\t\t<\/div>\n\t\t\t\t<\/div>\n\t\t\t\t\t<\/div>\n\t\t<\/div>\n\t\t\t\t\t<\/div>\n\t\t<\/section>\n\t\t\t\t<section class=\"elementor-section elementor-top-section elementor-element elementor-element-2d32eef elementor-section-boxed elementor-section-height-default elementor-section-height-default\" data-id=\"2d32eef\" data-element_type=\"section\">\n\t\t\t\t\t\t<div class=\"elementor-container elementor-column-gap-default\">\n\t\t\t\t\t<div class=\"elementor-column elementor-col-100 elementor-top-column elementor-element elementor-element-2400df8\" data-id=\"2400df8\" data-element_type=\"column\">\n\t\t\t<div class=\"elementor-widget-wrap elementor-element-populated\">\n\t\t\t\t\t\t<div class=\"elementor-element elementor-element-6156782 elementor-widget elementor-widget-heading\" data-id=\"6156782\" data-element_type=\"widget\" data-widget_type=\"heading.default\">\n\t\t\t\t<div class=\"elementor-widget-container\">\n\t\t\t\t\t<h2 class=\"elementor-heading-title elementor-size-default\">Comisiones<\/h2>\t\t\t\t<\/div>\n\t\t\t\t<\/div>\n\t\t\t\t<div class=\"elementor-element elementor-element-94040e1 elementor-widget elementor-widget-text-editor\" data-id=\"94040e1\" data-element_type=\"widget\" data-widget_type=\"text-editor.default\">\n\t\t\t\t<div class=\"elementor-widget-container\">\n\t\t\t\t\t\t\t\t\t<span style=\"color: #202b5d;\">El Reglamento Interno del Honorable Concejo Deliberante  prev\u00e9 en su Art\u00edculo 42\u00b0 que el \u201cConcejo tendr\u00e1 Comisiones Permanentes y Especiales. Las Comisiones Permanentes estar\u00e1n compuestas por cinco, siete o nueve miembros, seg\u00fan lo determine el Concejo por simple mayor\u00eda, designando proporcionalmente al n\u00famero de concejales que forman cada bloque oficialmente reconocido. El nombramiento de las Comisiones que establece este reglamento, se har\u00e1 en la primera sesi\u00f3n del mes de marzo, y su ejercicio durar\u00e1 hasta el 28 de febrero del a\u00f1o siguiente\u201d.<\/span>\t\t\t\t\t\t\t\t<\/div>\n\t\t\t\t<\/div>\n\t\t\t\t<div class=\"elementor-element elementor-element-a0ea3bc elementor-widget elementor-widget-heading\" data-id=\"a0ea3bc\" data-element_type=\"widget\" data-widget_type=\"heading.default\">\n\t\t\t\t<div class=\"elementor-widget-container\">\n\t\t\t\t\t<h4 class=\"elementor-heading-title elementor-size-default\">Integrantes y autoridades de las comisiones 2020<\/h4>\t\t\t\t<\/div>\n\t\t\t\t<\/div>\n\t\t\t\t<div class=\"elementor-element elementor-element-c3e4cb7 elementor-hidden-desktop elementor-hidden-tablet elementor-hidden-mobile elementor-view-default elementor-widget elementor-widget-icon\" data-id=\"c3e4cb7\" data-element_type=\"widget\" data-widget_type=\"icon.default\">\n\t\t\t\t<div class=\"elementor-widget-container\">\n\t\t\t\t\t\t\t<div class=\"elementor-icon-wrapper\">\n\t\t\t<div class=\"elementor-icon\">\n\t\t\t<i aria-hidden=\"true\" class=\"fas fa-phone-alt\"><\/i>\t\t\t<\/div>\n\t\t<\/div>\n\t\t\t\t\t\t<\/div>\n\t\t\t\t<\/div>\n\t\t\t\t<section class=\"elementor-section elementor-inner-section elementor-element elementor-element-5bbecf9 elementor-section-boxed elementor-section-height-default elementor-section-height-default\" data-id=\"5bbecf9\" data-element_type=\"section\">\n\t\t\t\t\t\t<div class=\"elementor-container elementor-column-gap-default\">\n\t\t\t\t\t<div class=\"elementor-column elementor-col-100 elementor-inner-column elementor-element elementor-element-912e856\" data-id=\"912e856\" data-element_type=\"column\">\n\t\t\t<div class=\"elementor-widget-wrap\">\n\t\t\t\t\t\t\t<\/div>\n\t\t<\/div>\n\t\t\t\t\t<\/div>\n\t\t<\/section>\n\t\t\t\t<section class=\"elementor-section elementor-inner-section elementor-element elementor-element-0ee42b9 elementor-section-boxed elementor-section-height-default elementor-section-height-default\" data-id=\"0ee42b9\" data-element_type=\"section\">\n\t\t\t\t\t\t<div class=\"elementor-container elementor-column-gap-default\">\n\t\t\t\t\t<div class=\"elementor-column elementor-col-50 elementor-inner-column elementor-element elementor-element-1d418f6\" data-id=\"1d418f6\" data-element_type=\"column\">\n\t\t\t<div class=\"elementor-widget-wrap elementor-element-populated\">\n\t\t\t\t\t\t<div class=\"elementor-element elementor-element-5354d71 elementor-widget elementor-widget-ova_box_feature_2\" data-id=\"5354d71\" data-element_type=\"widget\" data-widget_type=\"ova_box_feature_2.default\">\n\t\t\t\t<div class=\"elementor-widget-container\">\n\t\t\t\t\t\t\t\n\t\t<div class=\"ova_box_feature_2\">\n\t\t\t\n\t\t\t\t\t\t\t<img decoding=\"async\" src=\"https:\/\/coworkdigital.com.ar\/hcd\/wp-content\/uploads\/2020\/07\/Favicon-HCD-32x32-1.png\" alt=\"\">\n\t\t\t\n\t\t\t\t\t\t\t<h3 class=\"title\">\n\t\t\t\t\tCOMISI\u00d3N DE EDUCACION Y MEDIO AMBIENTE (EMA)\t\t\t\t<\/h3>\n\t\t\t\n\t\t\t\t\t\t\t<p class=\"excerpt\">\n\t\t\t\t\tPresidente: Silvana Francese<br>\nSecretario: Juan Carlos Arg\u00fcello<br>\nIntegrantes: Alicia Kihn,  Juan Manuel Villalba, Laura Abate Cano <br>\nD\u00eda y Horario: <strong>MARTES 8:30<\/strong>\t\t\t\t<\/p>\n\t\t\t\n\t\t\t\t\t\t\t<div class=\"readmore\">\n\t\t\t\t\t<a class=\"second_font\" href=\"\"><\/a>\n\t\t\t\t<\/div>\n\t\t\t\n\t\t<\/div>\n\n\t\t\t\t\t\t<\/div>\n\t\t\t\t<\/div>\n\t\t\t\t\t<\/div>\n\t\t<\/div>\n\t\t\t\t<div class=\"elementor-column elementor-col-50 elementor-inner-column elementor-element elementor-element-74036c3\" data-id=\"74036c3\" data-element_type=\"column\">\n\t\t\t<div class=\"elementor-widget-wrap elementor-element-populated\">\n\t\t\t\t\t\t<div class=\"elementor-element elementor-element-bbbb4d8 elementor-widget elementor-widget-ova_box_feature_2\" data-id=\"bbbb4d8\" data-element_type=\"widget\" data-widget_type=\"ova_box_feature_2.default\">\n\t\t\t\t<div class=\"elementor-widget-container\">\n\t\t\t\t\t\t\t\n\t\t<div class=\"ova_box_feature_2\">\n\t\t\t\n\t\t\t\t\t\t\t<img decoding=\"async\" src=\"https:\/\/coworkdigital.com.ar\/hcd\/wp-content\/uploads\/2020\/07\/Favicon-HCD-32x32-1.png\" alt=\"\">\n\t\t\t\n\t\t\t\t\t\t\t<h3 class=\"title\">\n\t\t\t\t\tCOMISI\u00d3N DE HACIENDA Y PRESUPUESTO (HP)\t\t\t\t<\/h3>\n\t\t\t\n\t\t\t\t\t\t\t<p class=\"excerpt\">\n\t\t\t\t\tPresidente: Victor Ag\u00fcero<br>\nSecretario: Laura Abate Cano<br>\nIntegrantes: Alicia Kihn, Juan Manuel Villalba, Silvana Francese\n<br>\nD\u00eda y Horario: <strong>MARTES 9:30<\/strong>\t\t\t\t<\/p>\n\t\t\t\n\t\t\t\t\t\t\t<div class=\"readmore\">\n\t\t\t\t\t<a class=\"second_font\" href=\"\"><\/a>\n\t\t\t\t<\/div>\n\t\t\t\n\t\t<\/div>\n\n\t\t\t\t\t\t<\/div>\n\t\t\t\t<\/div>\n\t\t\t\t\t<\/div>\n\t\t<\/div>\n\t\t\t\t\t<\/div>\n\t\t<\/section>\n\t\t\t\t<section class=\"elementor-section elementor-inner-section elementor-element elementor-element-7f3f4e6 elementor-section-boxed elementor-section-height-default elementor-section-height-default\" data-id=\"7f3f4e6\" data-element_type=\"section\">\n\t\t\t\t\t\t<div class=\"elementor-container elementor-column-gap-default\">\n\t\t\t\t\t<div class=\"elementor-column elementor-col-50 elementor-inner-column elementor-element elementor-element-d5e6233\" data-id=\"d5e6233\" data-element_type=\"column\">\n\t\t\t<div class=\"elementor-widget-wrap elementor-element-populated\">\n\t\t\t\t\t\t<div class=\"elementor-element elementor-element-8df43c1 elementor-widget elementor-widget-ova_box_feature_2\" data-id=\"8df43c1\" data-element_type=\"widget\" data-widget_type=\"ova_box_feature_2.default\">\n\t\t\t\t<div class=\"elementor-widget-container\">\n\t\t\t\t\t\t\t\n\t\t<div class=\"ova_box_feature_2\">\n\t\t\t\n\t\t\t\t\t\t\t<img decoding=\"async\" src=\"https:\/\/coworkdigital.com.ar\/hcd\/wp-content\/uploads\/2020\/07\/Favicon-HCD-32x32-1.png\" alt=\"\">\n\t\t\t\n\t\t\t\t\t\t\t<h3 class=\"title\">\n\t\t\t\t\tCOMISI\u00d3N DE SISTEMA DE GESTI\u00d3N  DE CALIDAD (SGC) \t\t\t\t<\/h3>\n\t\t\t\n\t\t\t\t\t\t\t<p class=\"excerpt\">\n\t\t\t\t\tPresidente:Johanna Genovese<br>\nSecretario: Victor Ag\u00fcero<br>\nIntegrantes: Juan Carlos Arg\u00fcello, Laura Abate Cano , Alejandro Flores <br>\nD\u00eda y Horario: <strong>MARTES 12:00<\/strong>\t\t\t\t<\/p>\n\t\t\t\n\t\t\t\t\t\t\t<div class=\"readmore\">\n\t\t\t\t\t<a class=\"second_font\" href=\"\"><\/a>\n\t\t\t\t<\/div>\n\t\t\t\n\t\t<\/div>\n\n\t\t\t\t\t\t<\/div>\n\t\t\t\t<\/div>\n\t\t\t\t\t<\/div>\n\t\t<\/div>\n\t\t\t\t<div class=\"elementor-column elementor-col-50 elementor-inner-column elementor-element elementor-element-00bf5e9\" data-id=\"00bf5e9\" data-element_type=\"column\">\n\t\t\t<div class=\"elementor-widget-wrap elementor-element-populated\">\n\t\t\t\t\t\t<div class=\"elementor-element elementor-element-ef90be8 elementor-widget elementor-widget-ova_box_feature_2\" data-id=\"ef90be8\" data-element_type=\"widget\" data-widget_type=\"ova_box_feature_2.default\">\n\t\t\t\t<div class=\"elementor-widget-container\">\n\t\t\t\t\t\t\t\n\t\t<div class=\"ova_box_feature_2\">\n\t\t\t\n\t\t\t\t\t\t\t<img decoding=\"async\" src=\"https:\/\/coworkdigital.com.ar\/hcd\/wp-content\/uploads\/2020\/07\/Favicon-HCD-32x32-1.png\" alt=\"\">\n\t\t\t\n\t\t\t\t\t\t\t<h3 class=\"title\">\n\t\t\t\t\tCOMISI\u00d3N DE LEGISLACI\u00d3N,PETICIONES Y PODERES (LPP)\t\t\t\t<\/h3>\n\t\t\t\n\t\t\t\t\t\t\t<p class=\"excerpt\">\n\t\t\t\t\tPresidente: Alejandro Flores<br>\nSecretario: Alicia Kihn <br>\nIntegrantes:.Victor Ag\u00fcero, Johanna Genovese, Silvana Francese<br>\nD\u00eda y Horario: <strong>MI\u00c9RCOLES 8:30<\/strong>\t\t\t\t<\/p>\n\t\t\t\n\t\t\t\t\t\t\t<div class=\"readmore\">\n\t\t\t\t\t<a class=\"second_font\" href=\"\"><\/a>\n\t\t\t\t<\/div>\n\t\t\t\n\t\t<\/div>\n\n\t\t\t\t\t\t<\/div>\n\t\t\t\t<\/div>\n\t\t\t\t\t<\/div>\n\t\t<\/div>\n\t\t\t\t\t<\/div>\n\t\t<\/section>\n\t\t\t\t<section class=\"elementor-section elementor-inner-section elementor-element elementor-element-f127f03 elementor-section-boxed elementor-section-height-default elementor-section-height-default\" data-id=\"f127f03\" data-element_type=\"section\">\n\t\t\t\t\t\t<div class=\"elementor-container elementor-column-gap-default\">\n\t\t\t\t\t<div class=\"elementor-column elementor-col-50 elementor-inner-column elementor-element elementor-element-8c496bc\" data-id=\"8c496bc\" data-element_type=\"column\">\n\t\t\t<div class=\"elementor-widget-wrap elementor-element-populated\">\n\t\t\t\t\t\t<div class=\"elementor-element elementor-element-493a26c elementor-widget elementor-widget-ova_box_feature_2\" data-id=\"493a26c\" data-element_type=\"widget\" data-widget_type=\"ova_box_feature_2.default\">\n\t\t\t\t<div class=\"elementor-widget-container\">\n\t\t\t\t\t\t\t\n\t\t<div class=\"ova_box_feature_2\">\n\t\t\t\n\t\t\t\t\t\t\t<img decoding=\"async\" src=\"https:\/\/coworkdigital.com.ar\/hcd\/wp-content\/uploads\/2020\/07\/Favicon-HCD-32x32-1.png\" alt=\"\">\n\t\t\t\n\t\t\t\t\t\t\t<h3 class=\"title\">\n\t\t\t\t\tCOMISI\u00d3N DE DESARROLLO ECON\u00d3MICO, INTEGRACI\u00d3N REGIONAL Y MERCOSUR (DE)\t\t\t\t<\/h3>\n\t\t\t\n\t\t\t\t\t\t\t<p class=\"excerpt\">\n\t\t\t\t\tPresidente: Juan Manuel Villalba<br>\nSecretario: Victor Ag\u00fcero<br>\nIntegrantes: Alicia Kihn, Alejandro Flores, Silvana Francese<br>\nD\u00eda y Horario: <strong>MI\u00c9RCOLES 9:30<\/strong>\t\t\t\t<\/p>\n\t\t\t\n\t\t\t\t\t\t\t<div class=\"readmore\">\n\t\t\t\t\t<a class=\"second_font\" href=\"\"><\/a>\n\t\t\t\t<\/div>\n\t\t\t\n\t\t<\/div>\n\n\t\t\t\t\t\t<\/div>\n\t\t\t\t<\/div>\n\t\t\t\t\t<\/div>\n\t\t<\/div>\n\t\t\t\t<div class=\"elementor-column elementor-col-50 elementor-inner-column elementor-element elementor-element-1667ce4\" data-id=\"1667ce4\" data-element_type=\"column\">\n\t\t\t<div class=\"elementor-widget-wrap elementor-element-populated\">\n\t\t\t\t\t\t<div class=\"elementor-element elementor-element-71c0d2c elementor-widget elementor-widget-ova_box_feature_2\" data-id=\"71c0d2c\" data-element_type=\"widget\" data-widget_type=\"ova_box_feature_2.default\">\n\t\t\t\t<div class=\"elementor-widget-container\">\n\t\t\t\t\t\t\t\n\t\t<div class=\"ova_box_feature_2\">\n\t\t\t\n\t\t\t\t\t\t\t<img decoding=\"async\" src=\"https:\/\/coworkdigital.com.ar\/hcd\/wp-content\/uploads\/2020\/07\/Favicon-HCD-32x32-1.png\" alt=\"\">\n\t\t\t\n\t\t\t\t\t\t\t<h3 class=\"title\">\n\t\t\t\t\tCOMISI\u00d3N DE G\u00c9NERO  Y DIVERSIDAD  (GD)\t\t\t\t<\/h3>\n\t\t\t\n\t\t\t\t\t\t\t<p class=\"excerpt\">\n\t\t\t\t\tPresidenta: Alicia Kihn <br>\nSecretaria: Laura Abate Cano<br>\nIntegrantes: Estela Pichilli, Johanna Genovese, Silvana Francese<br>\nD\u00eda y Horario: <strong>MI\u00c9RCOLES 10:30<\/strong>\t\t\t\t<\/p>\n\t\t\t\n\t\t\t\t\t\t\t<div class=\"readmore\">\n\t\t\t\t\t<a class=\"second_font\" href=\"\"><\/a>\n\t\t\t\t<\/div>\n\t\t\t\n\t\t<\/div>\n\n\t\t\t\t\t\t<\/div>\n\t\t\t\t<\/div>\n\t\t\t\t\t<\/div>\n\t\t<\/div>\n\t\t\t\t\t<\/div>\n\t\t<\/section>\n\t\t\t\t<section class=\"elementor-section elementor-inner-section elementor-element elementor-element-ff522f7 elementor-section-boxed elementor-section-height-default elementor-section-height-default\" data-id=\"ff522f7\" data-element_type=\"section\">\n\t\t\t\t\t\t<div class=\"elementor-container elementor-column-gap-default\">\n\t\t\t\t\t<div class=\"elementor-column elementor-col-50 elementor-inner-column elementor-element elementor-element-d150069\" data-id=\"d150069\" data-element_type=\"column\">\n\t\t\t<div class=\"elementor-widget-wrap elementor-element-populated\">\n\t\t\t\t\t\t<div class=\"elementor-element elementor-element-15dbb5b elementor-widget elementor-widget-ova_box_feature_2\" data-id=\"15dbb5b\" data-element_type=\"widget\" data-widget_type=\"ova_box_feature_2.default\">\n\t\t\t\t<div class=\"elementor-widget-container\">\n\t\t\t\t\t\t\t\n\t\t<div class=\"ova_box_feature_2\">\n\t\t\t\n\t\t\t\t\t\t\t<img decoding=\"async\" src=\"https:\/\/coworkdigital.com.ar\/hcd\/wp-content\/uploads\/2020\/07\/Favicon-HCD-32x32-1.png\" alt=\"\">\n\t\t\t\n\t\t\t\t\t\t\t<h3 class=\"title\">\n\t\t\t\t\tCOMISI\u00d3N DE OBRAS Y SERVICIOS P\u00daBLICOS (OSP)\t\t\t\t<\/h3>\n\t\t\t\n\t\t\t\t\t\t\t<p class=\"excerpt\">\n\t\t\t\t\tPresidente: Juan Carlos Arg\u00fcello<br>\nSecretario: Juan Manuel Villalba<br>\nIntegrantes: Estela Pichilli, Laura Abate Cano, Alejandro Flores<br>\nD\u00eda y Horario: <strong>JUEVES 8:30<\/strong>\t\t\t\t<\/p>\n\t\t\t\n\t\t\t\t\t\t\t<div class=\"readmore\">\n\t\t\t\t\t<a class=\"second_font\" href=\"\"><\/a>\n\t\t\t\t<\/div>\n\t\t\t\n\t\t<\/div>\n\n\t\t\t\t\t\t<\/div>\n\t\t\t\t<\/div>\n\t\t\t\t\t<\/div>\n\t\t<\/div>\n\t\t\t\t<div class=\"elementor-column elementor-col-50 elementor-inner-column elementor-element elementor-element-cace3ca\" data-id=\"cace3ca\" data-element_type=\"column\">\n\t\t\t<div class=\"elementor-widget-wrap elementor-element-populated\">\n\t\t\t\t\t\t<div class=\"elementor-element elementor-element-f6362be elementor-widget elementor-widget-ova_box_feature_2\" data-id=\"f6362be\" data-element_type=\"widget\" data-widget_type=\"ova_box_feature_2.default\">\n\t\t\t\t<div class=\"elementor-widget-container\">\n\t\t\t\t\t\t\t\n\t\t<div class=\"ova_box_feature_2\">\n\t\t\t\n\t\t\t\t\t\t\t<img decoding=\"async\" src=\"https:\/\/coworkdigital.com.ar\/hcd\/wp-content\/uploads\/2020\/07\/Favicon-HCD-32x32-1.png\" alt=\"\">\n\t\t\t\n\t\t\t\t\t\t\t<h3 class=\"title\">\n\t\t\t\t\tCOMISI\u00d3N DE ACCI\u00d3N SOCIAL, TURISMO Y DEPORTES (AS)\t\t\t\t<\/h3>\n\t\t\t\n\t\t\t\t\t\t\t<p class=\"excerpt\">\n\t\t\t\t\tPresidenta: Estela Pichilli<br>\nSecretaria: Silvana Francese <br>\nIntegrantes: Juan Carlos Arg\u00fcello, Johanna Genovese,  Laura Abate Cano<br>\nD\u00eda y Horario: <strong>JUEVES 9:30<\/strong>\t\t\t\t<\/p>\n\t\t\t\n\t\t\t\t\t\t\t<div class=\"readmore\">\n\t\t\t\t\t<a class=\"second_font\" href=\"\"><\/a>\n\t\t\t\t<\/div>\n\t\t\t\n\t\t<\/div>\n\n\t\t\t\t\t\t<\/div>\n\t\t\t\t<\/div>\n\t\t\t\t\t<\/div>\n\t\t<\/div>\n\t\t\t\t\t<\/div>\n\t\t<\/section>\n\t\t\t\t<section class=\"elementor-section elementor-inner-section elementor-element elementor-element-a8cea67 elementor-section-boxed elementor-section-height-default elementor-section-height-default\" data-id=\"a8cea67\" data-element_type=\"section\">\n\t\t\t\t\t\t<div class=\"elementor-container elementor-column-gap-default\">\n\t\t\t\t\t<div class=\"elementor-column elementor-col-50 elementor-inner-column elementor-element elementor-element-6703d81\" data-id=\"6703d81\" data-element_type=\"column\">\n\t\t\t<div class=\"elementor-widget-wrap elementor-element-populated\">\n\t\t\t\t\t\t<div class=\"elementor-element elementor-element-66753df elementor-widget elementor-widget-ova_box_feature_2\" data-id=\"66753df\" data-element_type=\"widget\" data-widget_type=\"ova_box_feature_2.default\">\n\t\t\t\t<div class=\"elementor-widget-container\">\n\t\t\t\t\t\t\t\n\t\t<div class=\"ova_box_feature_2\">\n\t\t\t\n\t\t\t\t\t\t\t<img decoding=\"async\" src=\"https:\/\/coworkdigital.com.ar\/hcd\/wp-content\/uploads\/2020\/07\/Favicon-HCD-32x32-1.png\" alt=\"\">\n\t\t\t\n\t\t\t\t\t\t\t<h3 class=\"title\">\n\t\t\t\t\tCOMISI\u00d3N DE HIGIENE,  MORALIDAD Y SEGURIDAD P\u00daBLICAS  (HMSP)\t\t\t\t<\/h3>\n\t\t\t\n\t\t\t\t\t\t\t<p class=\"excerpt\">\n\t\t\t\t\tPresidenta: Laura Abate Cano<br>\nSecretaria: Johanna Genovese<br>\nIntegrantes: Estela Pichilli, Juan Carlos Arg\u00fcello, Alejandro Flores<br>\nD\u00eda y Horario: <strong>JUEVES 10:30<\/strong>\t\t\t\t<\/p>\n\t\t\t\n\t\t\t\t\t\t\t<div class=\"readmore\">\n\t\t\t\t\t<a class=\"second_font\" href=\"\"><\/a>\n\t\t\t\t<\/div>\n\t\t\t\n\t\t<\/div>\n\n\t\t\t\t\t\t<\/div>\n\t\t\t\t<\/div>\n\t\t\t\t\t<\/div>\n\t\t<\/div>\n\t\t\t\t<div class=\"elementor-column elementor-col-50 elementor-inner-column elementor-element elementor-element-bbf26c3\" data-id=\"bbf26c3\" data-element_type=\"column\">\n\t\t\t<div class=\"elementor-widget-wrap\">\n\t\t\t\t\t\t\t<\/div>\n\t\t<\/div>\n\t\t\t\t\t<\/div>\n\t\t<\/section>\n\t\t\t\t\t<\/div>\n\t\t<\/div>\n\t\t\t\t\t<\/div>\n\t\t<\/section>\n\t\t\t\t<\/div>\n\t\t","protected":false},"excerpt":{"rendered":"<p>Home Comisiones Comisiones El Reglamento Interno del Honorable Concejo Deliberante prev\u00e9 en su Art\u00edculo 42\u00b0 que el \u201cConcejo tendr\u00e1 Comisiones Permanentes y Especiales. Las Comisiones Permanentes estar\u00e1n compuestas por cinco, siete o nueve miembros, seg\u00fan lo determine el Concejo por simple mayor\u00eda, designando proporcionalmente al n\u00famero de concejales que forman cada bloque oficialmente reconocido. El [&hellip;]<\/p>\n","protected":false},"author":1,"featured_media":12035,"parent":0,"menu_order":0,"comment_status":"closed","ping_status":"closed","template":"elementor_header_footer","meta":{"_acf_changed":false,"footnotes":""},"class_list":["post-12656","page","type-page","status-publish","has-post-thumbnail","hentry"],"acf":[],"_links":{"self":[{"href":"https:\/\/coworkdigital.com.ar\/hcd\/wp-json\/wp\/v2\/pages\/12656","targetHints":{"allow":["GET"]}}],"collection":[{"href":"https:\/\/coworkdigital.com.ar\/hcd\/wp-json\/wp\/v2\/pages"}],"about":[{"href":"https:\/\/coworkdigital.com.ar\/hcd\/wp-json\/wp\/v2\/types\/page"}],"author":[{"embeddable":true,"href":"https:\/\/coworkdigital.com.ar\/hcd\/wp-json\/wp\/v2\/users\/1"}],"replies":[{"embeddable":true,"href":"https:\/\/coworkdigital.com.ar\/hcd\/wp-json\/wp\/v2\/comments?post=12656"}],"version-history":[{"count":58,"href":"https:\/\/coworkdigital.com.ar\/hcd\/wp-json\/wp\/v2\/pages\/12656\/revisions"}],"predecessor-version":[{"id":14189,"href":"https:\/\/coworkdigital.com.ar\/hcd\/wp-json\/wp\/v2\/pages\/12656\/revisions\/14189"}],"wp:featuredmedia":[{"embeddable":true,"href":"https:\/\/coworkdigital.com.ar\/hcd\/wp-json\/wp\/v2\/media\/12035"}],"wp:attachment":[{"href":"https:\/\/coworkdigital.com.ar\/hcd\/wp-json\/wp\/v2\/media?parent=12656"}],"curies":[{"name":"wp","href":"https:\/\/api.w.org\/{rel}","templated":true}]}}