{"id":1315,"date":"2020-08-20T03:27:25","date_gmt":"2020-08-20T03:27:25","guid":{"rendered":"https:\/\/demo.ovatheme.com\/egovt\/?page_id=1315"},"modified":"2024-08-28T02:56:32","modified_gmt":"2024-08-28T02:56:32","slug":"hcd-rivadavia","status":"publish","type":"page","link":"https:\/\/coworkdigital.com.ar\/hcd\/hcd-rivadavia\/","title":{"rendered":"HCD Rivadavia"},"content":{"rendered":"\t\t<div data-elementor-type=\"wp-page\" data-elementor-id=\"1315\" class=\"elementor elementor-1315\" data-elementor-post-type=\"page\">\n\t\t\t\t\t\t<section class=\"elementor-section elementor-top-section elementor-element elementor-element-7c55aeb8 elementor-section-boxed elementor-section-height-default elementor-section-height-default\" data-id=\"7c55aeb8\" data-element_type=\"section\" data-settings=\"{&quot;background_background&quot;:&quot;classic&quot;}\">\n\t\t\t\t\t\t<div class=\"elementor-container elementor-column-gap-default\">\n\t\t\t\t\t<div class=\"elementor-column elementor-col-100 elementor-top-column elementor-element elementor-element-13015f50\" data-id=\"13015f50\" data-element_type=\"column\">\n\t\t\t<div class=\"elementor-widget-wrap elementor-element-populated\">\n\t\t\t\t\t\t<div class=\"elementor-element elementor-element-a426080 elementor-widget elementor-widget-image\" data-id=\"a426080\" data-element_type=\"widget\" data-widget_type=\"image.default\">\n\t\t\t\t<div class=\"elementor-widget-container\">\n\t\t\t\t\t\t\t\t\t\t\t\t\t\t\t<img fetchpriority=\"high\" decoding=\"async\" width=\"2557\" height=\"304\" src=\"https:\/\/coworkdigital.com.ar\/hcd\/wp-content\/uploads\/2024\/08\/page-banner-scaled-1.webp\" class=\"attachment-full size-full wp-image-14166\" alt=\"\" srcset=\"https:\/\/coworkdigital.com.ar\/hcd\/wp-content\/uploads\/2024\/08\/page-banner-scaled-1.webp 2557w, https:\/\/coworkdigital.com.ar\/hcd\/wp-content\/uploads\/2024\/08\/page-banner-scaled-1-300x36.webp 300w, https:\/\/coworkdigital.com.ar\/hcd\/wp-content\/uploads\/2024\/08\/page-banner-scaled-1-1024x122.webp 1024w, https:\/\/coworkdigital.com.ar\/hcd\/wp-content\/uploads\/2024\/08\/page-banner-scaled-1-768x91.webp 768w, https:\/\/coworkdigital.com.ar\/hcd\/wp-content\/uploads\/2024\/08\/page-banner-scaled-1-1536x183.webp 1536w, https:\/\/coworkdigital.com.ar\/hcd\/wp-content\/uploads\/2024\/08\/page-banner-scaled-1-2048x243.webp 2048w, https:\/\/coworkdigital.com.ar\/hcd\/wp-content\/uploads\/2024\/08\/page-banner-scaled-1-600x71.webp 600w, https:\/\/coworkdigital.com.ar\/hcd\/wp-content\/uploads\/2024\/08\/page-banner-scaled-1-560x67.webp 560w\" sizes=\"(max-width: 2557px) 100vw, 2557px\" \/>\t\t\t\t\t\t\t\t\t\t\t\t\t\t\t<\/div>\n\t\t\t\t<\/div>\n\t\t\t\t<div class=\"elementor-element elementor-element-4229d089 elementor-widget elementor-widget-wwp-elementor-dynamic-breadcrumbs\" data-id=\"4229d089\" data-element_type=\"widget\" data-widget_type=\"wwp-elementor-dynamic-breadcrumbs.default\">\n\t\t\t\t<div class=\"elementor-widget-container\">\n\t\t\t\t\t<ol class=\"wwp-elementor-breadcrumbs triangle\" id=\"breadcrumb-6a04651e28824\"><li class=\"visited\"><a href=\"\/\">Home<\/a><\/li><li class=\"current\"><span>HCD Rivadavia<\/span><\/li><\/ol><script type=\"application\/ld+json\">{\"@context\":\"https:\\\/\\\/schema.org\\\/\",\"@type\":\"BreadcrumbList\",\"itemListElement\":[{\"@type\":\"ListItem\",\"position\":1,\"name\":\"HCD Rivadavia\",\"item\":\"https:\\\/\\\/coworkdigital.com.ar\\\/hcd\\\/wp-json\\\/wp\\\/v2\\\/pages\\\/1315\"}]}<\/script>\t\t\t\t<\/div>\n\t\t\t\t<\/div>\n\t\t\t\t\t<\/div>\n\t\t<\/div>\n\t\t\t\t\t<\/div>\n\t\t<\/section>\n\t\t\t\t<section class=\"elementor-section elementor-top-section elementor-element elementor-element-e1dd29d elementor-section-boxed elementor-section-height-default elementor-section-height-default\" data-id=\"e1dd29d\" data-element_type=\"section\">\n\t\t\t\t\t\t<div class=\"elementor-container elementor-column-gap-default\">\n\t\t\t\t\t<div class=\"elementor-column elementor-col-50 elementor-top-column elementor-element elementor-element-72ce8f4\" data-id=\"72ce8f4\" data-element_type=\"column\">\n\t\t\t<div class=\"elementor-widget-wrap elementor-element-populated\">\n\t\t\t\t\t\t<div class=\"elementor-element elementor-element-a673ea2 elementor-widget elementor-widget-heading\" data-id=\"a673ea2\" data-element_type=\"widget\" data-widget_type=\"heading.default\">\n\t\t\t\t<div class=\"elementor-widget-container\">\n\t\t\t\t\t<h2 class=\"elementor-heading-title elementor-size-default\">\u00bfQu\u00e9 es el HCD?<\/h2>\t\t\t\t<\/div>\n\t\t\t\t<\/div>\n\t\t\t\t<div class=\"elementor-element elementor-element-0e6a467 elementor-widget elementor-widget-text-editor\" data-id=\"0e6a467\" data-element_type=\"widget\" data-widget_type=\"text-editor.default\">\n\t\t\t\t<div class=\"elementor-widget-container\">\n\t\t\t\t\t\t\t\t\t<p><span style=\"color: #202b5d;\">El Honorable Concejo Deliberante fue fundado el 5 de mayo de 1884.<\/span><\/p>\t\t\t\t\t\t\t\t<\/div>\n\t\t\t\t<\/div>\n\t\t\t\t<div class=\"elementor-element elementor-element-fee4d3a elementor-widget elementor-widget-text-editor\" data-id=\"fee4d3a\" data-element_type=\"widget\" data-widget_type=\"text-editor.default\">\n\t\t\t\t<div class=\"elementor-widget-container\">\n\t\t\t\t\t\t\t\t\t<p>La Carta Org\u00e1nica de las Municipalidades (Ley 1.079) establece en su Art\u00edculo 7\u00b0 que: \u00abcada Municipalidad se compondr\u00e1 de un Departamento Deliberativo y otro Ejecutivo. El Deliberativo ser\u00e1 ejercido por un Concejo Deliberante con el n\u00famero de miembros que determine el Art\u00edculo 43\u00b0 de esta Ley, y el Ejecutivo ser\u00e1 desempe\u00f1ado por una sola persona con el t\u00edtulo de Intendente Municipal\u00bb.<\/p><p>El Honorable Concejo Deliberante de Rivadavia est\u00e1 compuesto por un presidente, un vicepresidente primero, un vicepresidente segundo, un secretario\/a y diez concejales de diferentes partidos pol\u00edticos. Este \u00faltimo es el m\u00ednimo que establece el Art\u00edculo 199 inciso 1 de la Constituci\u00f3n Provincial por ser un departamento con menos de 60.000 electores.<\/p><p>Los Concejales durar\u00e1n cuatro a\u00f1os en el ejercicio de sus funciones, salvo en el caso de integraciones extraordinarias, que lo ser\u00e1n por el resto del per\u00edodo respectivo. Podr\u00e1n ser reelectos. Los Concejos se renovar\u00e1n por mitades cada dos a\u00f1os. Los per\u00edodos se contar\u00e1n desde el primero de mayo y terminar\u00e1n el treinta de abril del a\u00f1o correspondiente.<\/p>\t\t\t\t\t\t\t\t<\/div>\n\t\t\t\t<\/div>\n\t\t\t\t<div class=\"elementor-element elementor-element-6fff142 elementor-hidden-desktop elementor-hidden-tablet elementor-hidden-mobile elementor-view-default elementor-widget elementor-widget-icon\" data-id=\"6fff142\" data-element_type=\"widget\" data-widget_type=\"icon.default\">\n\t\t\t\t<div class=\"elementor-widget-container\">\n\t\t\t\t\t\t\t<div class=\"elementor-icon-wrapper\">\n\t\t\t<div class=\"elementor-icon\">\n\t\t\t<i aria-hidden=\"true\" class=\"fas fa-phone-alt\"><\/i>\t\t\t<\/div>\n\t\t<\/div>\n\t\t\t\t\t\t<\/div>\n\t\t\t\t<\/div>\n\t\t\t\t\t<\/div>\n\t\t<\/div>\n\t\t\t\t<div class=\"elementor-column elementor-col-50 elementor-top-column elementor-element elementor-element-bef0398\" data-id=\"bef0398\" data-element_type=\"column\">\n\t\t\t<div class=\"elementor-widget-wrap elementor-element-populated\">\n\t\t\t\t\t\t<div class=\"elementor-element elementor-element-9d5dbbc elementor-widget elementor-widget-image\" data-id=\"9d5dbbc\" data-element_type=\"widget\" data-widget_type=\"image.default\">\n\t\t\t\t<div class=\"elementor-widget-container\">\n\t\t\t\t\t\t\t\t\t\t\t\t\t\t\t<img decoding=\"async\" width=\"1067\" height=\"1160\" src=\"https:\/\/coworkdigital.com.ar\/hcd\/wp-content\/uploads\/2023\/08\/hcd-15.webp\" class=\"attachment-full size-full wp-image-12174\" alt=\"HCD Rivadavia - Mendoza\" srcset=\"https:\/\/coworkdigital.com.ar\/hcd\/wp-content\/uploads\/2023\/08\/hcd-15.webp 1067w, https:\/\/coworkdigital.com.ar\/hcd\/wp-content\/uploads\/2023\/08\/hcd-15-276x300.webp 276w, https:\/\/coworkdigital.com.ar\/hcd\/wp-content\/uploads\/2023\/08\/hcd-15-942x1024.webp 942w, https:\/\/coworkdigital.com.ar\/hcd\/wp-content\/uploads\/2023\/08\/hcd-15-768x835.webp 768w, https:\/\/coworkdigital.com.ar\/hcd\/wp-content\/uploads\/2023\/08\/hcd-15-552x600.webp 552w, https:\/\/coworkdigital.com.ar\/hcd\/wp-content\/uploads\/2023\/08\/hcd-15-515x560.webp 515w\" sizes=\"(max-width: 1067px) 100vw, 1067px\" \/>\t\t\t\t\t\t\t\t\t\t\t\t\t\t\t<\/div>\n\t\t\t\t<\/div>\n\t\t\t\t\t<\/div>\n\t\t<\/div>\n\t\t\t\t\t<\/div>\n\t\t<\/section>\n\t\t\t\t<section class=\"elementor-section elementor-top-section elementor-element elementor-element-5e7b404 elementor-section-boxed elementor-section-height-default elementor-section-height-default\" data-id=\"5e7b404\" data-element_type=\"section\">\n\t\t\t\t\t\t<div class=\"elementor-container elementor-column-gap-default\">\n\t\t\t\t\t<div class=\"elementor-column elementor-col-50 elementor-top-column elementor-element elementor-element-9fe65f1\" data-id=\"9fe65f1\" data-element_type=\"column\">\n\t\t\t<div class=\"elementor-widget-wrap elementor-element-populated\">\n\t\t\t\t\t\t<div class=\"elementor-element elementor-element-66295f4 elementor-widget elementor-widget-heading\" data-id=\"66295f4\" data-element_type=\"widget\" data-widget_type=\"heading.default\">\n\t\t\t\t<div class=\"elementor-widget-container\">\n\t\t\t\t\t<h2 class=\"elementor-heading-title elementor-size-default\">Misi\u00f3n<\/h2>\t\t\t\t<\/div>\n\t\t\t\t<\/div>\n\t\t\t\t<div class=\"elementor-element elementor-element-5b90744 elementor-widget elementor-widget-text-editor\" data-id=\"5b90744\" data-element_type=\"widget\" data-widget_type=\"text-editor.default\">\n\t\t\t\t<div class=\"elementor-widget-container\">\n\t\t\t\t\t\t\t\t\tEl Honorable Concejo Deliberante de Rivadavia pretende ser un \u00f3rgano de representaci\u00f3n ciudadana moderno y din\u00e1mico, basado en la participaci\u00f3n, compromiso y colaboraci\u00f3n de los vecinos, en busca de una ciudad innovadora, sustentable y equitativa.\n\n\t\t\t\t\t\t\t\t<\/div>\n\t\t\t\t<\/div>\n\t\t\t\t<div class=\"elementor-element elementor-element-e4cce4c elementor-widget elementor-widget-heading\" data-id=\"e4cce4c\" data-element_type=\"widget\" data-widget_type=\"heading.default\">\n\t\t\t\t<div class=\"elementor-widget-container\">\n\t\t\t\t\t<h2 class=\"elementor-heading-title elementor-size-default\">Visi\u00f3n<\/h2>\t\t\t\t<\/div>\n\t\t\t\t<\/div>\n\t\t\t\t<div class=\"elementor-element elementor-element-6d57750 elementor-widget elementor-widget-text-editor\" data-id=\"6d57750\" data-element_type=\"widget\" data-widget_type=\"text-editor.default\">\n\t\t\t\t<div class=\"elementor-widget-container\">\n\t\t\t\t\t\t\t\t\t<p>Somos un poder de control del Estado Municipal que se ocupa de establecer pol\u00edticas a largo plazo generando ordenanzas, declaraciones y resoluciones. Promoviendo iniciativas tendientes a lograr un desarrollo sociocultural y econ\u00f3mico; basado en la sustentabilidad, buscando el bienestar y la convivencia en armon\u00eda entre vecinos y con el ambiente.<\/p>\t\t\t\t\t\t\t\t<\/div>\n\t\t\t\t<\/div>\n\t\t\t\t<div class=\"elementor-element elementor-element-58dcfe3 elementor-hidden-desktop elementor-hidden-tablet elementor-hidden-mobile elementor-view-default elementor-widget elementor-widget-icon\" data-id=\"58dcfe3\" data-element_type=\"widget\" data-widget_type=\"icon.default\">\n\t\t\t\t<div class=\"elementor-widget-container\">\n\t\t\t\t\t\t\t<div class=\"elementor-icon-wrapper\">\n\t\t\t<div class=\"elementor-icon\">\n\t\t\t<i aria-hidden=\"true\" class=\"fas fa-phone-alt\"><\/i>\t\t\t<\/div>\n\t\t<\/div>\n\t\t\t\t\t\t<\/div>\n\t\t\t\t<\/div>\n\t\t\t\t\t<\/div>\n\t\t<\/div>\n\t\t\t\t<div class=\"elementor-column elementor-col-50 elementor-top-column elementor-element elementor-element-69c09d9\" data-id=\"69c09d9\" data-element_type=\"column\">\n\t\t\t<div class=\"elementor-widget-wrap elementor-element-populated\">\n\t\t\t\t\t\t<div class=\"elementor-element elementor-element-8843d17 elementor-widget elementor-widget-heading\" data-id=\"8843d17\" data-element_type=\"widget\" data-widget_type=\"heading.default\">\n\t\t\t\t<div class=\"elementor-widget-container\">\n\t\t\t\t\t<h2 class=\"elementor-heading-title elementor-size-default\">Pol\u00edtica de calidad<\/h2>\t\t\t\t<\/div>\n\t\t\t\t<\/div>\n\t\t\t\t<div class=\"elementor-element elementor-element-4dd5511 elementor-widget elementor-widget-text-editor\" data-id=\"4dd5511\" data-element_type=\"widget\" data-widget_type=\"text-editor.default\">\n\t\t\t\t<div class=\"elementor-widget-container\">\n\t\t\t\t\t\t\t\t\tEl Honorable Concejo Deliberante de Rivadavia se compromete a trabajar sobre los principios de la Calidad y la mejora de sus procesos, y para ello define su Sistema de Gesti\u00f3n de la Calidad basado en los siguientes objetivos:\t\t\t\t\t\t\t\t<\/div>\n\t\t\t\t<\/div>\n\t\t\t\t<div class=\"elementor-element elementor-element-17ee137 elementor-widget elementor-widget-ova_list_checked\" data-id=\"17ee137\" data-element_type=\"widget\" data-widget_type=\"ova_list_checked.default\">\n\t\t\t\t<div class=\"elementor-widget-container\">\n\t\t\t\t\t\t\t\n\t\t<div class=\"ova_list_checked\" >\n\t\t\t\t\t\t\t<ul>\n\t\t\t\t\t\t\t\t\t<li class=\"item\">\n\t\t\t\t\t\t<i data-feather=\"check-circle\"><\/i>\n\t\t\t\t\t\t<span>Ser una instituci\u00f3n comprometida con la participaci\u00f3n ciudadana.<\/span>\n\t\t\t\t\t<\/li>\n\t\t\t\t\t\t\t\t\t<li class=\"item\">\n\t\t\t\t\t\t<i data-feather=\"check-circle\"><\/i>\n\t\t\t\t\t\t<span>Buscar con nuestro accionar, la satisfacci\u00f3n de las necesidades de los vecinos de nuestro Departamento.<\/span>\n\t\t\t\t\t<\/li>\n\t\t\t\t\t\t\t\t\t<li class=\"item\">\n\t\t\t\t\t\t<i data-feather=\"check-circle\"><\/i>\n\t\t\t\t\t\t<span>Brindar a los ciudadanos una atenci\u00f3n r\u00e1pida y eficiente en la recepci\u00f3n y gesti\u00f3n de documentaci\u00f3n como en la provisi\u00f3n de la informaci\u00f3n solicitada.<\/span>\n\t\t\t\t\t<\/li>\n\t\t\t\t\t\t\t\t\t<li class=\"item\">\n\t\t\t\t\t\t<i data-feather=\"check-circle\"><\/i>\n\t\t\t\t\t\t<span>Estar atentos a todos y cada uno de los reclamos que hagan los ciudadanos con el objeto de mejorar permanentemente el servicio.<\/span>\n\t\t\t\t\t<\/li>\n\t\t\t\t\t\t\t\t\t<li class=\"item\">\n\t\t\t\t\t\t<i data-feather=\"check-circle\"><\/i>\n\t\t\t\t\t\t<span>Disponer en todo momento de informaci\u00f3n actualizada que permita el seguimiento adecuado de los Asuntos Entrados y las Piezas Legales emitidas desde el HCD.<\/span>\n\t\t\t\t\t<\/li>\n\t\t\t\t\t\t\t\t\t<li class=\"item\">\n\t\t\t\t\t\t<i data-feather=\"check-circle\"><\/i>\n\t\t\t\t\t\t<span>Asegurar a la ciudadan\u00eda una gesti\u00f3n eficiente y transparente del HCD en su rol de contralor del poder ejecutivo municipal.<\/span>\n\t\t\t\t\t<\/li>\n\t\t\t\t\t\t\t\t\t<li class=\"item\">\n\t\t\t\t\t\t<i data-feather=\"check-circle\"><\/i>\n\t\t\t\t\t\t<span>Garantizar la idoneidad de nuestro equipo de trabajo a trav\u00e9s de la capacitaci\u00f3n y formaci\u00f3n permanente.<\/span>\n\t\t\t\t\t<\/li>\n\t\t\t\t\t\t\t\t<\/ul>\n\t\t\t\n\t\t<\/div>\n\n\t\t\t\t\t\t<\/div>\n\t\t\t\t<\/div>\n\t\t\t\t\t<\/div>\n\t\t<\/div>\n\t\t\t\t\t<\/div>\n\t\t<\/section>\n\t\t\t\t<section class=\"elementor-section elementor-top-section elementor-element elementor-element-6ccd933 elementor-section-boxed elementor-section-height-default elementor-section-height-default\" data-id=\"6ccd933\" data-element_type=\"section\">\n\t\t\t\t\t\t<div class=\"elementor-container elementor-column-gap-default\">\n\t\t\t\t\t<div class=\"elementor-column elementor-col-100 elementor-top-column elementor-element elementor-element-1badc89\" data-id=\"1badc89\" data-element_type=\"column\">\n\t\t\t<div class=\"elementor-widget-wrap elementor-element-populated\">\n\t\t\t\t\t\t<div class=\"elementor-element elementor-element-fad4d07 elementor-widget elementor-widget-heading\" data-id=\"fad4d07\" data-element_type=\"widget\" data-widget_type=\"heading.default\">\n\t\t\t\t<div class=\"elementor-widget-container\">\n\t\t\t\t\t<h2 class=\"elementor-heading-title elementor-size-default\">Organigrama del Honorable Concejo Deliberante 2022<\/h2>\t\t\t\t<\/div>\n\t\t\t\t<\/div>\n\t\t\t\t<div class=\"elementor-element elementor-element-848be8a elementor-widget elementor-widget-image\" data-id=\"848be8a\" data-element_type=\"widget\" data-widget_type=\"image.default\">\n\t\t\t\t<div class=\"elementor-widget-container\">\n\t\t\t\t\t\t\t\t\t\t\t\t\t\t\t<img decoding=\"async\" width=\"1754\" height=\"1240\" src=\"https:\/\/coworkdigital.com.ar\/hcd\/wp-content\/uploads\/2023\/08\/Organigrama-HCD-3.webp\" class=\"attachment-full size-full wp-image-12188\" alt=\"\" srcset=\"https:\/\/coworkdigital.com.ar\/hcd\/wp-content\/uploads\/2023\/08\/Organigrama-HCD-3.webp 1754w, https:\/\/coworkdigital.com.ar\/hcd\/wp-content\/uploads\/2023\/08\/Organigrama-HCD-3-300x212.webp 300w, https:\/\/coworkdigital.com.ar\/hcd\/wp-content\/uploads\/2023\/08\/Organigrama-HCD-3-1024x724.webp 1024w, https:\/\/coworkdigital.com.ar\/hcd\/wp-content\/uploads\/2023\/08\/Organigrama-HCD-3-768x543.webp 768w, https:\/\/coworkdigital.com.ar\/hcd\/wp-content\/uploads\/2023\/08\/Organigrama-HCD-3-1536x1086.webp 1536w, https:\/\/coworkdigital.com.ar\/hcd\/wp-content\/uploads\/2023\/08\/Organigrama-HCD-3-600x424.webp 600w, https:\/\/coworkdigital.com.ar\/hcd\/wp-content\/uploads\/2023\/08\/Organigrama-HCD-3-560x396.webp 560w\" sizes=\"(max-width: 1754px) 100vw, 1754px\" \/>\t\t\t\t\t\t\t\t\t\t\t\t\t\t\t<\/div>\n\t\t\t\t<\/div>\n\t\t\t\t\t<\/div>\n\t\t<\/div>\n\t\t\t\t\t<\/div>\n\t\t<\/section>\n\t\t\t\t<\/div>\n\t\t","protected":false},"excerpt":{"rendered":"<p>Home HCD Rivadavia \u00bfQu\u00e9 es el HCD? El Honorable Concejo Deliberante fue fundado el 5 de mayo de 1884. La Carta Org\u00e1nica de las Municipalidades (Ley 1.079) establece en su Art\u00edculo 7\u00b0 que: \u00abcada Municipalidad se compondr\u00e1 de un Departamento Deliberativo y otro Ejecutivo. El Deliberativo ser\u00e1 ejercido por un Concejo Deliberante con el n\u00famero [&hellip;]<\/p>\n","protected":false},"author":1,"featured_media":12035,"parent":0,"menu_order":0,"comment_status":"closed","ping_status":"closed","template":"elementor_header_footer","meta":{"_acf_changed":false,"footnotes":""},"class_list":["post-1315","page","type-page","status-publish","has-post-thumbnail","hentry"],"acf":[],"_links":{"self":[{"href":"https:\/\/coworkdigital.com.ar\/hcd\/wp-json\/wp\/v2\/pages\/1315","targetHints":{"allow":["GET"]}}],"collection":[{"href":"https:\/\/coworkdigital.com.ar\/hcd\/wp-json\/wp\/v2\/pages"}],"about":[{"href":"https:\/\/coworkdigital.com.ar\/hcd\/wp-json\/wp\/v2\/types\/page"}],"author":[{"embeddable":true,"href":"https:\/\/coworkdigital.com.ar\/hcd\/wp-json\/wp\/v2\/users\/1"}],"replies":[{"embeddable":true,"href":"https:\/\/coworkdigital.com.ar\/hcd\/wp-json\/wp\/v2\/comments?post=1315"}],"version-history":[{"count":99,"href":"https:\/\/coworkdigital.com.ar\/hcd\/wp-json\/wp\/v2\/pages\/1315\/revisions"}],"predecessor-version":[{"id":14219,"href":"https:\/\/coworkdigital.com.ar\/hcd\/wp-json\/wp\/v2\/pages\/1315\/revisions\/14219"}],"wp:featuredmedia":[{"embeddable":true,"href":"https:\/\/coworkdigital.com.ar\/hcd\/wp-json\/wp\/v2\/media\/12035"}],"wp:attachment":[{"href":"https:\/\/coworkdigital.com.ar\/hcd\/wp-json\/wp\/v2\/media?parent=1315"}],"curies":[{"name":"wp","href":"https:\/\/api.w.org\/{rel}","templated":true}]}}