{"id":14559,"date":"2025-09-17T14:59:48","date_gmt":"2025-09-17T14:59:48","guid":{"rendered":"https:\/\/coworkdigital.com.ar\/hcd\/?page_id=14559"},"modified":"2025-09-29T13:23:23","modified_gmt":"2025-09-29T13:23:23","slug":"concejo-juvenil","status":"publish","type":"page","link":"https:\/\/coworkdigital.com.ar\/hcd\/concejo-juvenil\/","title":{"rendered":"Concejo Juvenil"},"content":{"rendered":"\t\t<div data-elementor-type=\"wp-page\" data-elementor-id=\"14559\" class=\"elementor elementor-14559\" data-elementor-post-type=\"page\">\n\t\t\t\t\t\t<section class=\"elementor-section elementor-top-section elementor-element elementor-element-5cd7939b elementor-section-boxed elementor-section-height-default elementor-section-height-default\" data-id=\"5cd7939b\" data-element_type=\"section\" data-settings=\"{&quot;background_background&quot;:&quot;classic&quot;}\">\n\t\t\t\t\t\t<div class=\"elementor-container elementor-column-gap-default\">\n\t\t\t\t\t<div class=\"elementor-column elementor-col-100 elementor-top-column elementor-element elementor-element-a9fd0f5\" data-id=\"a9fd0f5\" data-element_type=\"column\">\n\t\t\t<div class=\"elementor-widget-wrap elementor-element-populated\">\n\t\t\t\t\t\t<div class=\"elementor-element elementor-element-42cd2d41 elementor-widget elementor-widget-image\" data-id=\"42cd2d41\" data-element_type=\"widget\" data-widget_type=\"image.default\">\n\t\t\t\t<div class=\"elementor-widget-container\">\n\t\t\t\t\t\t\t\t\t\t\t\t\t\t\t<img fetchpriority=\"high\" decoding=\"async\" width=\"2557\" height=\"304\" src=\"https:\/\/coworkdigital.com.ar\/hcd\/wp-content\/uploads\/2024\/08\/page-banner-scaled-1.webp\" class=\"attachment-full size-full wp-image-14166\" alt=\"\" srcset=\"https:\/\/coworkdigital.com.ar\/hcd\/wp-content\/uploads\/2024\/08\/page-banner-scaled-1.webp 2557w, https:\/\/coworkdigital.com.ar\/hcd\/wp-content\/uploads\/2024\/08\/page-banner-scaled-1-300x36.webp 300w, https:\/\/coworkdigital.com.ar\/hcd\/wp-content\/uploads\/2024\/08\/page-banner-scaled-1-1024x122.webp 1024w, https:\/\/coworkdigital.com.ar\/hcd\/wp-content\/uploads\/2024\/08\/page-banner-scaled-1-768x91.webp 768w, https:\/\/coworkdigital.com.ar\/hcd\/wp-content\/uploads\/2024\/08\/page-banner-scaled-1-1536x183.webp 1536w, https:\/\/coworkdigital.com.ar\/hcd\/wp-content\/uploads\/2024\/08\/page-banner-scaled-1-2048x243.webp 2048w, https:\/\/coworkdigital.com.ar\/hcd\/wp-content\/uploads\/2024\/08\/page-banner-scaled-1-600x71.webp 600w, https:\/\/coworkdigital.com.ar\/hcd\/wp-content\/uploads\/2024\/08\/page-banner-scaled-1-560x67.webp 560w\" sizes=\"(max-width: 2557px) 100vw, 2557px\" \/>\t\t\t\t\t\t\t\t\t\t\t\t\t\t\t<\/div>\n\t\t\t\t<\/div>\n\t\t\t\t<div class=\"elementor-element elementor-element-2feebc9a elementor-widget elementor-widget-wwp-elementor-dynamic-breadcrumbs\" data-id=\"2feebc9a\" data-element_type=\"widget\" data-widget_type=\"wwp-elementor-dynamic-breadcrumbs.default\">\n\t\t\t\t<div class=\"elementor-widget-container\">\n\t\t\t\t\t<ol class=\"wwp-elementor-breadcrumbs triangle\" id=\"breadcrumb-69e197ddc8114\"><li class=\"visited\"><a href=\"\/\">Home<\/a><\/li><li class=\"current\"><span>Concejo Juvenil<\/span><\/li><\/ol><script type=\"application\/ld+json\">{\"@context\":\"https:\\\/\\\/schema.org\\\/\",\"@type\":\"BreadcrumbList\",\"itemListElement\":[{\"@type\":\"ListItem\",\"position\":1,\"name\":\"Concejo Juvenil\",\"item\":\"https:\\\/\\\/coworkdigital.com.ar\\\/hcd\\\/wp-json\\\/wp\\\/v2\\\/pages\\\/14559\"}]}<\/script>\t\t\t\t<\/div>\n\t\t\t\t<\/div>\n\t\t\t\t\t<\/div>\n\t\t<\/div>\n\t\t\t\t\t<\/div>\n\t\t<\/section>\n\t\t\t\t<section class=\"elementor-section elementor-top-section elementor-element elementor-element-2d32eef elementor-reverse-mobile elementor-section-boxed elementor-section-height-default elementor-section-height-default\" data-id=\"2d32eef\" data-element_type=\"section\">\n\t\t\t\t\t\t<div class=\"elementor-container elementor-column-gap-default\">\n\t\t\t\t\t<div class=\"elementor-column elementor-col-33 elementor-top-column elementor-element elementor-element-86f9249\" data-id=\"86f9249\" data-element_type=\"column\">\n\t\t\t<div class=\"elementor-widget-wrap elementor-element-populated\">\n\t\t\t\t\t\t<div class=\"elementor-element elementor-element-c0e3af0 elementor-widget elementor-widget-ova_list_link\" data-id=\"c0e3af0\" data-element_type=\"widget\" data-widget_type=\"ova_list_link.default\">\n\t\t\t\t<div class=\"elementor-widget-container\">\n\t\t\t\t\t\t\t<div class=\"ova_list_link box-shadow\">\n\t\t\t\t\t\t<h3 class=\"title\">\n\t\t\t\tGobierno Abierto\t\t\t<\/h3>\n\t\t\t\t\t\t\t\t\t<ul class=\"content\">\n\t\t\t\t\t\t\t\t\t<li class=\"item\">\n\t\t\t\t\t\t<a href=\"\/hcd\/transparencia-activa\">\n\t\t\t\t\t\t\tTransparencia Activa\t\t\t\t\t\t\t\t\t\t\t\t\t\t<span class=\"icon\">\n\t\t\t\t\t\t\t\t<i data-feather=\"chevron-right\"><\/i>\n\t\t\t\t\t\t\t<\/span>\n\t\t\t\t\t\t    \t\t\t\t\t\t    \t\t\t\t\t\t\t<span class=\"icon-hover\">\n\t\t\t\t\t\t\t\t<i data-feather=\"arrow-right\"><\/i>\n\t\t\t\t\t\t\t<\/span>\n\t\t\t\t\t\t\t \t\t\t\t\t\t<\/a>\n\n\t\t\t\t\t<\/li>\n\t\t\t\t\t\t\t\t\t<li class=\"item\">\n\t\t\t\t\t\t<a href=\"\/hcd\/normativa\">\n\t\t\t\t\t\t\tNormativa\t\t\t\t\t\t\t\t\t\t\t\t\t\t<span class=\"icon\">\n\t\t\t\t\t\t\t\t<i data-feather=\"chevron-right\"><\/i>\n\t\t\t\t\t\t\t<\/span>\n\t\t\t\t\t\t    \t\t\t\t\t\t    \t\t\t\t\t\t\t<span class=\"icon-hover\">\n\t\t\t\t\t\t\t\t<i data-feather=\"arrow-right\"><\/i>\n\t\t\t\t\t\t\t<\/span>\n\t\t\t\t\t\t\t \t\t\t\t\t\t<\/a>\n\n\t\t\t\t\t<\/li>\n\t\t\t\t\t\t\t\t\t<li class=\"item\">\n\t\t\t\t\t\t<a href=\"\/hcd\/como-hacer-para-realizar-un-pedido-de-informacion-publica\">\n\t\t\t\t\t\t\t\u00bfC\u00f3mo hacer para realizar un pedido de informaci\u00f3n p\u00fablica?\t\t\t\t\t\t\t\t\t\t\t\t\t\t<span class=\"icon\">\n\t\t\t\t\t\t\t\t<i data-feather=\"chevron-right\"><\/i>\n\t\t\t\t\t\t\t<\/span>\n\t\t\t\t\t\t    \t\t\t\t\t\t    \t\t\t\t\t\t\t<span class=\"icon-hover\">\n\t\t\t\t\t\t\t\t<i data-feather=\"arrow-right\"><\/i>\n\t\t\t\t\t\t\t<\/span>\n\t\t\t\t\t\t\t \t\t\t\t\t\t<\/a>\n\n\t\t\t\t\t<\/li>\n\t\t\t\t\t\t\t\t\t<li class=\"item\">\n\t\t\t\t\t\t<a href=\"\/hcd\/sueldos-autoridades\">\n\t\t\t\t\t\t\tSueldos\t\t\t\t\t\t\t\t\t\t\t\t\t\t<span class=\"icon\">\n\t\t\t\t\t\t\t\t<i data-feather=\"chevron-right\"><\/i>\n\t\t\t\t\t\t\t<\/span>\n\t\t\t\t\t\t    \t\t\t\t\t\t    \t\t\t\t\t\t\t<span class=\"icon-hover\">\n\t\t\t\t\t\t\t\t<i data-feather=\"arrow-right\"><\/i>\n\t\t\t\t\t\t\t<\/span>\n\t\t\t\t\t\t\t \t\t\t\t\t\t<\/a>\n\n\t\t\t\t\t<\/li>\n\t\t\t\t\t\t\t\t\t<li class=\"item\">\n\t\t\t\t\t\t<a href=\"\/hcd\/personal\/\">\n\t\t\t\t\t\t\tPersonal\t\t\t\t\t\t\t\t\t\t\t\t\t\t<span class=\"icon\">\n\t\t\t\t\t\t\t\t<i data-feather=\"chevron-right\"><\/i>\n\t\t\t\t\t\t\t<\/span>\n\t\t\t\t\t\t    \t\t\t\t\t\t    \t\t\t\t\t\t\t<span class=\"icon-hover\">\n\t\t\t\t\t\t\t\t<i data-feather=\"arrow-right\"><\/i>\n\t\t\t\t\t\t\t<\/span>\n\t\t\t\t\t\t\t \t\t\t\t\t\t<\/a>\n\n\t\t\t\t\t<\/li>\n\t\t\t\t\t\t\t\t\t<li class=\"item\">\n\t\t\t\t\t\t<a href=\"https:\/\/coworkdigital.com.ar\/hcd\/concejo-juvenil\/\">\n\t\t\t\t\t\t\tConcejo Juvenil\t\t\t\t\t\t\t\t\t\t\t\t\t\t<span class=\"icon\">\n\t\t\t\t\t\t\t\t<i data-feather=\"chevron-right\"><\/i>\n\t\t\t\t\t\t\t<\/span>\n\t\t\t\t\t\t    \t\t\t\t\t\t    \t\t\t\t\t\t\t<span class=\"icon-hover\">\n\t\t\t\t\t\t\t\t<i data-feather=\"arrow-right\"><\/i>\n\t\t\t\t\t\t\t<\/span>\n\t\t\t\t\t\t\t \t\t\t\t\t\t<\/a>\n\n\t\t\t\t\t<\/li>\n\t\t\t\t\t\t\t<\/ul>\n\t\t\t\t\t<\/div>\n\t\t\t\t\t\t<\/div>\n\t\t\t\t<\/div>\n\t\t\t\t<div class=\"elementor-element elementor-element-9eb0a76 elementor-hidden-desktop elementor-hidden-tablet elementor-hidden-mobile elementor-view-default elementor-widget elementor-widget-icon\" data-id=\"9eb0a76\" data-element_type=\"widget\" data-widget_type=\"icon.default\">\n\t\t\t\t<div class=\"elementor-widget-container\">\n\t\t\t\t\t\t\t<div class=\"elementor-icon-wrapper\">\n\t\t\t<div class=\"elementor-icon\">\n\t\t\t<i aria-hidden=\"true\" class=\"fas fa-phone-alt\"><\/i>\t\t\t<\/div>\n\t\t<\/div>\n\t\t\t\t\t\t<\/div>\n\t\t\t\t<\/div>\n\t\t\t\t\t<\/div>\n\t\t<\/div>\n\t\t\t\t<div class=\"elementor-column elementor-col-66 elementor-top-column elementor-element elementor-element-2400df8\" data-id=\"2400df8\" data-element_type=\"column\">\n\t\t\t<div class=\"elementor-widget-wrap elementor-element-populated\">\n\t\t\t\t\t\t<div class=\"elementor-element elementor-element-6156782 elementor-widget elementor-widget-heading\" data-id=\"6156782\" data-element_type=\"widget\" data-widget_type=\"heading.default\">\n\t\t\t\t<div class=\"elementor-widget-container\">\n\t\t\t\t\t<h2 class=\"elementor-heading-title elementor-size-default\">El HCD pone en marcha el concejo juvenil<\/h2>\t\t\t\t<\/div>\n\t\t\t\t<\/div>\n\t\t\t\t<div class=\"elementor-element elementor-element-0bf570c elementor-widget elementor-widget-text-editor\" data-id=\"0bf570c\" data-element_type=\"widget\" data-widget_type=\"text-editor.default\">\n\t\t\t\t<div class=\"elementor-widget-container\">\n\t\t\t\t\t\t\t\t\t<div><div><div dir=\"ltr\"><div><div><span style=\"font-family: arial, sans-serif;\" data-ogsc=\"rgb(0, 0, 0)\">El Honorable Concejo Deliberante de Rivadavia pone en marcha el Concejo Juvenil destinado a j\u00f3venes estudiantes de las escuelas secundarias.<\/span><\/div><div><span style=\"font-family: arial, sans-serif;\" data-ogsc=\"rgb(0, 0, 0)\">\u00a0\u00a0<\/span><\/div><div><span data-ogsc=\"rgb(32, 33, 36)\">Este Concejo Juvenil tiene como objetivo espec\u00edfico\u00a0capacitar a los estudiantes de nivel secundario del departamento, en sus respectivos\u00a0establecimientos educativos, para posteriormente conformar un \u201cConcejo Juvenil\u201d entre\u00a0los estudiantes de todas las escuelas, en el cual propondr\u00e1n y defender\u00e1n proyectos con\u00a0<\/span><span data-ogsc=\"rgb(32, 33, 36)\">sus pares, simulando ser concejales por un d\u00eda.<\/span><\/div><div><span style=\"font-family: arial, sans-serif;\" data-ogsc=\"rgb(0, 0, 0)\"><span data-ogsc=\"rgb(32, 33, 36)\">\u00a0<\/span><\/span><\/div><div><span style=\"font-family: arial, sans-serif;\" data-ogsc=\"rgb(0, 0, 0)\"><span data-ogsc=\"rgb(32, 33, 36)\">De esta manera, se da a conocer a nuestros estudiantes el funcionamiento y los\u00a0<\/span><span data-ogsc=\"rgb(32, 33, 36)\">objetivos del Concejo, fomentando el inter\u00e9s y una conciencia democr\u00e1tica, que hoy es\u00a0<\/span><span data-ogsc=\"rgb(32, 33, 36)\">muy necesaria.\u00a0<\/span><br data-ogsc=\"rgb(32, 33, 36)\" \/><span data-ogsc=\"rgb(32, 33, 36)\"><br \/><\/span><\/span><span style=\"font-family: arial, sans-serif;\" data-ogsc=\"rgb(0, 0, 0)\"><span data-ogsc=\"rgb(32, 33, 36)\">Seg\u00fan el Decreto 03 del 2024, que cita:<\/span><\/span><\/div><div><div data-ogsc=\"rgb(32, 33, 36)\"><span style=\"font-family: arial, sans-serif;\">Art\u00edculo 1\u00b0 cita \u201cAdhi\u00e9rase al Programa Nacional de Concejos Deliberantes\u00a0Estudiantiles, creado por la Resoluci\u00f3n No 04\/2009 de la Secretar\u00eda de Relaciones\u00a0Parlamentarias de la Jefatura de Gabinete, Presidencia de la Naci\u00f3n.\u00a0<\/span><\/div><div data-ogsc=\"rgb(32, 33, 36)\"><p>El Concejo Juvenil, estar\u00e1 integrado por tres estudiantes como m\u00e1ximo,\u00a0por cada establecimiento educativo.<\/p><div><div><span style=\"font-family: arial, sans-serif;\">Art\u00edculo 3\u00b0: Cada establecimiento educativo podr\u00e1 designar un docente como asesor de los estudiantes que participen en el Concejo Juvenil.<br \/>Art\u00edculo 4\u00b0: Los estudiantes que compondr\u00e1n el Concejo Juvenil, en representaci\u00f3n de su escuela, deber\u00e1n transitar por cuarto, quinto o sexto a\u00f1o y deber\u00e1n ser elegidos<br \/>democr\u00e1ticamente, incentivando la participaci\u00f3n estudiantil.<br \/>Art\u00edculo 6\u00b0: Al momento de efectuarse el Concejo Juvenil, s\u00f3lo un estudiante por escuela podr\u00e1 ocupar el lugar en la banca, pudiendo alternar el mismo, conforme avance<br \/>la actividad y su equipo lo estime pertinente.<br \/>Art\u00edculo 7\u00ba: El Honorable Concejo Deliberante procurar\u00e1 generar y fomentar espacios de participaci\u00f3n y construcci\u00f3n de ciudadan\u00eda para los\/as estudiantes en el seno del<br \/>HCD y\/o en otras instituciones democr\u00e1ticas.<\/span><\/div><\/div><\/div><\/div><div>\u00a0<\/div><\/div><\/div><\/div><\/div><div><div><div dir=\"ltr\"><div>\u00a0<\/div><div>Se podr\u00e1n inscribir hasta el pr\u00f3ximo 3 de octubre en el siguiente link:\u00a0<a title=\"https:\/\/docs.google.com\/forms\/d\/19j3kX8QxxIzZLXDvHXpVZurzZTc41kU3LJ8DT-avUwU\/edit\" href=\"https:\/\/docs.google.com\/forms\/d\/19j3kX8QxxIzZLXDvHXpVZurzZTc41kU3LJ8DT-avUwU\/edit\" target=\"_blank\" rel=\"noopener\" data-ogsc=\"\" data-outlook-id=\"d157075a-da2e-4d36-96aa-82b1b8bd6852\">https:\/\/docs.google.com\/forms\/d\/19j3kX8QxxIzZLXDvHXpVZurzZTc41kU3LJ8DT-avUwU\/edit<\/a>\u00a0 \u00a0<\/div><\/div><\/div><\/div>\t\t\t\t\t\t\t\t<\/div>\n\t\t\t\t<\/div>\n\t\t\t\t\t<\/div>\n\t\t<\/div>\n\t\t\t\t\t<\/div>\n\t\t<\/section>\n\t\t\t\t<\/div>\n\t\t","protected":false},"excerpt":{"rendered":"<p>Home Concejo Juvenil Gobierno Abierto Transparencia Activa Normativa \u00bfC\u00f3mo hacer para realizar un pedido de informaci\u00f3n p\u00fablica? Sueldos Personal Concejo Juvenil El HCD pone en marcha el concejo juvenil El Honorable Concejo Deliberante de Rivadavia pone en marcha el Concejo Juvenil destinado a j\u00f3venes estudiantes de las escuelas secundarias.\u00a0\u00a0Este Concejo Juvenil tiene como objetivo espec\u00edfico\u00a0capacitar [&hellip;]<\/p>\n","protected":false},"author":2,"featured_media":12035,"parent":0,"menu_order":0,"comment_status":"closed","ping_status":"closed","template":"elementor_header_footer","meta":{"_acf_changed":false,"footnotes":""},"class_list":["post-14559","page","type-page","status-publish","has-post-thumbnail","hentry"],"acf":[],"_links":{"self":[{"href":"https:\/\/coworkdigital.com.ar\/hcd\/wp-json\/wp\/v2\/pages\/14559","targetHints":{"allow":["GET"]}}],"collection":[{"href":"https:\/\/coworkdigital.com.ar\/hcd\/wp-json\/wp\/v2\/pages"}],"about":[{"href":"https:\/\/coworkdigital.com.ar\/hcd\/wp-json\/wp\/v2\/types\/page"}],"author":[{"embeddable":true,"href":"https:\/\/coworkdigital.com.ar\/hcd\/wp-json\/wp\/v2\/users\/2"}],"replies":[{"embeddable":true,"href":"https:\/\/coworkdigital.com.ar\/hcd\/wp-json\/wp\/v2\/comments?post=14559"}],"version-history":[{"count":10,"href":"https:\/\/coworkdigital.com.ar\/hcd\/wp-json\/wp\/v2\/pages\/14559\/revisions"}],"predecessor-version":[{"id":14586,"href":"https:\/\/coworkdigital.com.ar\/hcd\/wp-json\/wp\/v2\/pages\/14559\/revisions\/14586"}],"wp:featuredmedia":[{"embeddable":true,"href":"https:\/\/coworkdigital.com.ar\/hcd\/wp-json\/wp\/v2\/media\/12035"}],"wp:attachment":[{"href":"https:\/\/coworkdigital.com.ar\/hcd\/wp-json\/wp\/v2\/media?parent=14559"}],"curies":[{"name":"wp","href":"https:\/\/api.w.org\/{rel}","templated":true}]}}